{"id":11385,"date":"2022-10-21T15:22:45","date_gmt":"2022-10-24T19:00:44","guid":{"rendered":"https:\/\/cssspnql.com\/produit\/support-guide-for-the-development-and-implementation-of-a-cooperation-agreement-between-first-nations-communities-and-organizations-and-the-centres-integres-de-sante-et-de-services-sociaux-cisss\/"},"modified":"2023-02-15T14:12:01","modified_gmt":"2023-02-15T19:12:01","slug":"support-guide-for-the-development-and-implementation-of-a-cooperation-agreement-between-first-nations-communities-and-organizations-and-the-centres-integres-de-sante-et-de-services-sociaux-cisss","status":"publish","type":"product","link":"https:\/\/cssspnql.com\/en\/produit\/support-guide-for-the-development-and-implementation-of-a-cooperation-agreement-between-first-nations-communities-and-organizations-and-the-centres-integres-de-sante-et-de-services-sociaux-cisss\/","title":{"rendered":"Support guide for the development and implementation of a cooperation agreement between First Nations communities and organizations and the centres int\u00e9gr\u00e9s de sant\u00e9 et de services sociaux (CISSS)"},"content":{"rendered":"<p>This guide is intended for communities that are interested in developing and reaching a cooperation agreement to facilitate service pathways between the First Nations organization and the CISSS within its territory. The proposed approach may cover several areas, e.g., mental health, home care, palliative care, chronic diseases, public health, elder abuse, etc.<\/p>\n","protected":false},"excerpt":{"rendered":"<p>C0801<\/p>\n","protected":false},"featured_media":10618,"template":"","meta":{"_acf_changed":false},"product_brand":[],"product_cat":[302],"product_tag":[],"class_list":{"0":"post-11385","1":"product","2":"type-product","3":"status-publish","4":"has-post-thumbnail","6":"product_cat-fnqlhssc","7":"pa_auteurs-first-nations-of-quebec-and-labrador-health-and-social-services-commission-fnqlhssc-en","8":"pa_document-type-digital","9":"pa_sujet-catalogue-of-publications","10":"pa_type-de-document-digital","12":"first","13":"instock","14":"product-type-simple"},"acf":[],"yoast_head":"<!-- This site is optimized with the Yoast SEO plugin v27.1.1 - https:\/\/yoast.com\/product\/yoast-seo-wordpress\/ -->\n<title>Support guide for the development and implementation of a cooperation agreement between First Nations communities and organizations and the centres int\u00e9gr\u00e9s de sant\u00e9 et de services sociaux (CISSS) - CSSSPNQL<\/title>\n<meta name=\"robots\" content=\"index, follow, max-snippet:-1, max-image-preview:large, max-video-preview:-1\" \/>\n<link rel=\"canonical\" href=\"https:\/\/cssspnql.com\/en\/produit\/support-guide-for-the-development-and-implementation-of-a-cooperation-agreement-between-first-nations-communities-and-organizations-and-the-centres-integres-de-sante-et-de-services-sociaux-cisss\/\" \/>\n<meta property=\"og:locale\" content=\"en_US\" \/>\n<meta property=\"og:type\" content=\"article\" \/>\n<meta property=\"og:title\" content=\"Support guide for the development and implementation of a cooperation agreement between First Nations communities and organizations and the centres int\u00e9gr\u00e9s de sant\u00e9 et de services sociaux (CISSS) - CSSSPNQL\" \/>\n<meta property=\"og:description\" content=\"C0801\" \/>\n<meta property=\"og:url\" content=\"https:\/\/cssspnql.com\/en\/produit\/support-guide-for-the-development-and-implementation-of-a-cooperation-agreement-between-first-nations-communities-and-organizations-and-the-centres-integres-de-sante-et-de-services-sociaux-cisss\/\" \/>\n<meta property=\"og:site_name\" content=\"CSSSPNQL\" \/>\n<meta property=\"article:modified_time\" content=\"2023-02-15T19:12:01+00:00\" \/>\n<meta property=\"og:image\" content=\"https:\/\/cssspnql.com\/wp-content\/uploads\/2022\/10\/C0801-E.jpg\" \/>\n\t<meta property=\"og:image:width\" content=\"800\" \/>\n\t<meta property=\"og:image:height\" content=\"800\" \/>\n\t<meta property=\"og:image:type\" content=\"image\/jpeg\" \/>\n<meta name=\"twitter:card\" content=\"summary_large_image\" \/>\n<meta name=\"twitter:label1\" content=\"Est. reading time\" \/>\n\t<meta name=\"twitter:data1\" content=\"1 minute\" \/>\n<script type=\"application\/ld+json\" class=\"yoast-schema-graph\">{\"@context\":\"https:\/\/schema.org\",\"@graph\":[{\"@type\":\"WebPage\",\"@id\":\"https:\/\/cssspnql.com\/en\/produit\/support-guide-for-the-development-and-implementation-of-a-cooperation-agreement-between-first-nations-communities-and-organizations-and-the-centres-integres-de-sante-et-de-services-sociaux-cisss\/\",\"url\":\"https:\/\/cssspnql.com\/en\/produit\/support-guide-for-the-development-and-implementation-of-a-cooperation-agreement-between-first-nations-communities-and-organizations-and-the-centres-integres-de-sante-et-de-services-sociaux-cisss\/\",\"name\":\"Support guide for the development and implementation of a cooperation agreement between First Nations communities and organizations and the centres int\u00e9gr\u00e9s de sant\u00e9 et de services sociaux (CISSS) - CSSSPNQL\",\"isPartOf\":{\"@id\":\"https:\/\/cssspnql.com\/en\/#website\"},\"primaryImageOfPage\":{\"@id\":\"https:\/\/cssspnql.com\/en\/produit\/support-guide-for-the-development-and-implementation-of-a-cooperation-agreement-between-first-nations-communities-and-organizations-and-the-centres-integres-de-sante-et-de-services-sociaux-cisss\/#primaryimage\"},\"image\":{\"@id\":\"https:\/\/cssspnql.com\/en\/produit\/support-guide-for-the-development-and-implementation-of-a-cooperation-agreement-between-first-nations-communities-and-organizations-and-the-centres-integres-de-sante-et-de-services-sociaux-cisss\/#primaryimage\"},\"thumbnailUrl\":\"https:\/\/cssspnql.com\/wp-content\/uploads\/2022\/10\/C0801-E.jpg\",\"datePublished\":\"2022-10-24T19:00:44+00:00\",\"dateModified\":\"2023-02-15T19:12:01+00:00\",\"breadcrumb\":{\"@id\":\"https:\/\/cssspnql.com\/en\/produit\/support-guide-for-the-development-and-implementation-of-a-cooperation-agreement-between-first-nations-communities-and-organizations-and-the-centres-integres-de-sante-et-de-services-sociaux-cisss\/#breadcrumb\"},\"inLanguage\":\"en-US\",\"potentialAction\":[{\"@type\":\"ReadAction\",\"target\":[\"https:\/\/cssspnql.com\/en\/produit\/support-guide-for-the-development-and-implementation-of-a-cooperation-agreement-between-first-nations-communities-and-organizations-and-the-centres-integres-de-sante-et-de-services-sociaux-cisss\/\"]}]},{\"@type\":\"ImageObject\",\"inLanguage\":\"en-US\",\"@id\":\"https:\/\/cssspnql.com\/en\/produit\/support-guide-for-the-development-and-implementation-of-a-cooperation-agreement-between-first-nations-communities-and-organizations-and-the-centres-integres-de-sante-et-de-services-sociaux-cisss\/#primaryimage\",\"url\":\"https:\/\/cssspnql.com\/wp-content\/uploads\/2022\/10\/C0801-E.jpg\",\"contentUrl\":\"https:\/\/cssspnql.com\/wp-content\/uploads\/2022\/10\/C0801-E.jpg\",\"width\":800,\"height\":800,\"caption\":\"Support guide for the development and implementation of a cooperation agreement between First Nations communities and organizations and the centres int\u00e9gr\u00e9s de sant\u00e9 et de services sociaux (CISSS)\"},{\"@type\":\"BreadcrumbList\",\"@id\":\"https:\/\/cssspnql.com\/en\/produit\/support-guide-for-the-development-and-implementation-of-a-cooperation-agreement-between-first-nations-communities-and-organizations-and-the-centres-integres-de-sante-et-de-services-sociaux-cisss\/#breadcrumb\",\"itemListElement\":[{\"@type\":\"ListItem\",\"position\":1,\"name\":\"Home\",\"item\":\"https:\/\/cssspnql.com\/en\/\"},{\"@type\":\"ListItem\",\"position\":2,\"name\":\"Documentation centre\",\"item\":\"https:\/\/cssspnql.com\/en\/documentation-centre\/\"},{\"@type\":\"ListItem\",\"position\":3,\"name\":\"FNQLHSSC\",\"item\":\"https:\/\/cssspnql.com\/en\/categorie-produit\/fnqlhssc\/\"},{\"@type\":\"ListItem\",\"position\":4,\"name\":\"Support guide for the development and implementation of a cooperation agreement between First Nations communities and organizations and the centres int\u00e9gr\u00e9s de sant\u00e9 et de services sociaux (CISSS)\"}]},{\"@type\":\"WebSite\",\"@id\":\"https:\/\/cssspnql.com\/en\/#website\",\"url\":\"https:\/\/cssspnql.com\/en\/\",\"name\":\"CSSSPNQL\",\"description\":\"\",\"potentialAction\":[{\"@type\":\"SearchAction\",\"target\":{\"@type\":\"EntryPoint\",\"urlTemplate\":\"https:\/\/cssspnql.com\/en\/?s={search_term_string}\"},\"query-input\":{\"@type\":\"PropertyValueSpecification\",\"valueRequired\":true,\"valueName\":\"search_term_string\"}}],\"inLanguage\":\"en-US\"}]}<\/script>\n<!-- \/ Yoast SEO plugin. -->","yoast_head_json":{"title":"Support guide for the development and implementation of a cooperation agreement between First Nations communities and organizations and the centres int\u00e9gr\u00e9s de sant\u00e9 et de services sociaux (CISSS) - CSSSPNQL","robots":{"index":"index","follow":"follow","max-snippet":"max-snippet:-1","max-image-preview":"max-image-preview:large","max-video-preview":"max-video-preview:-1"},"canonical":"https:\/\/cssspnql.com\/en\/produit\/support-guide-for-the-development-and-implementation-of-a-cooperation-agreement-between-first-nations-communities-and-organizations-and-the-centres-integres-de-sante-et-de-services-sociaux-cisss\/","og_locale":"en_US","og_type":"article","og_title":"Support guide for the development and implementation of a cooperation agreement between First Nations communities and organizations and the centres int\u00e9gr\u00e9s de sant\u00e9 et de services sociaux (CISSS) - CSSSPNQL","og_description":"C0801","og_url":"https:\/\/cssspnql.com\/en\/produit\/support-guide-for-the-development-and-implementation-of-a-cooperation-agreement-between-first-nations-communities-and-organizations-and-the-centres-integres-de-sante-et-de-services-sociaux-cisss\/","og_site_name":"CSSSPNQL","article_modified_time":"2023-02-15T19:12:01+00:00","og_image":[{"width":800,"height":800,"url":"https:\/\/cssspnql.com\/wp-content\/uploads\/2022\/10\/C0801-E.jpg","type":"image\/jpeg"}],"twitter_card":"summary_large_image","twitter_misc":{"Est. reading time":"1 minute"},"schema":{"@context":"https:\/\/schema.org","@graph":[{"@type":"WebPage","@id":"https:\/\/cssspnql.com\/en\/produit\/support-guide-for-the-development-and-implementation-of-a-cooperation-agreement-between-first-nations-communities-and-organizations-and-the-centres-integres-de-sante-et-de-services-sociaux-cisss\/","url":"https:\/\/cssspnql.com\/en\/produit\/support-guide-for-the-development-and-implementation-of-a-cooperation-agreement-between-first-nations-communities-and-organizations-and-the-centres-integres-de-sante-et-de-services-sociaux-cisss\/","name":"Support guide for the development and implementation of a cooperation agreement between First Nations communities and organizations and the centres int\u00e9gr\u00e9s de sant\u00e9 et de services sociaux (CISSS) - CSSSPNQL","isPartOf":{"@id":"https:\/\/cssspnql.com\/en\/#website"},"primaryImageOfPage":{"@id":"https:\/\/cssspnql.com\/en\/produit\/support-guide-for-the-development-and-implementation-of-a-cooperation-agreement-between-first-nations-communities-and-organizations-and-the-centres-integres-de-sante-et-de-services-sociaux-cisss\/#primaryimage"},"image":{"@id":"https:\/\/cssspnql.com\/en\/produit\/support-guide-for-the-development-and-implementation-of-a-cooperation-agreement-between-first-nations-communities-and-organizations-and-the-centres-integres-de-sante-et-de-services-sociaux-cisss\/#primaryimage"},"thumbnailUrl":"https:\/\/cssspnql.com\/wp-content\/uploads\/2022\/10\/C0801-E.jpg","datePublished":"2022-10-24T19:00:44+00:00","dateModified":"2023-02-15T19:12:01+00:00","breadcrumb":{"@id":"https:\/\/cssspnql.com\/en\/produit\/support-guide-for-the-development-and-implementation-of-a-cooperation-agreement-between-first-nations-communities-and-organizations-and-the-centres-integres-de-sante-et-de-services-sociaux-cisss\/#breadcrumb"},"inLanguage":"en-US","potentialAction":[{"@type":"ReadAction","target":["https:\/\/cssspnql.com\/en\/produit\/support-guide-for-the-development-and-implementation-of-a-cooperation-agreement-between-first-nations-communities-and-organizations-and-the-centres-integres-de-sante-et-de-services-sociaux-cisss\/"]}]},{"@type":"ImageObject","inLanguage":"en-US","@id":"https:\/\/cssspnql.com\/en\/produit\/support-guide-for-the-development-and-implementation-of-a-cooperation-agreement-between-first-nations-communities-and-organizations-and-the-centres-integres-de-sante-et-de-services-sociaux-cisss\/#primaryimage","url":"https:\/\/cssspnql.com\/wp-content\/uploads\/2022\/10\/C0801-E.jpg","contentUrl":"https:\/\/cssspnql.com\/wp-content\/uploads\/2022\/10\/C0801-E.jpg","width":800,"height":800,"caption":"Support guide for the development and implementation of a cooperation agreement between First Nations communities and organizations and the centres int\u00e9gr\u00e9s de sant\u00e9 et de services sociaux (CISSS)"},{"@type":"BreadcrumbList","@id":"https:\/\/cssspnql.com\/en\/produit\/support-guide-for-the-development-and-implementation-of-a-cooperation-agreement-between-first-nations-communities-and-organizations-and-the-centres-integres-de-sante-et-de-services-sociaux-cisss\/#breadcrumb","itemListElement":[{"@type":"ListItem","position":1,"name":"Home","item":"https:\/\/cssspnql.com\/en\/"},{"@type":"ListItem","position":2,"name":"Documentation centre","item":"https:\/\/cssspnql.com\/en\/documentation-centre\/"},{"@type":"ListItem","position":3,"name":"FNQLHSSC","item":"https:\/\/cssspnql.com\/en\/categorie-produit\/fnqlhssc\/"},{"@type":"ListItem","position":4,"name":"Support guide for the development and implementation of a cooperation agreement between First Nations communities and organizations and the centres int\u00e9gr\u00e9s de sant\u00e9 et de services sociaux (CISSS)"}]},{"@type":"WebSite","@id":"https:\/\/cssspnql.com\/en\/#website","url":"https:\/\/cssspnql.com\/en\/","name":"CSSSPNQL","description":"","potentialAction":[{"@type":"SearchAction","target":{"@type":"EntryPoint","urlTemplate":"https:\/\/cssspnql.com\/en\/?s={search_term_string}"},"query-input":{"@type":"PropertyValueSpecification","valueRequired":true,"valueName":"search_term_string"}}],"inLanguage":"en-US"}]}},"_links":{"self":[{"href":"https:\/\/cssspnql.com\/en\/wp-json\/wp\/v2\/product\/11385","targetHints":{"allow":["GET"]}}],"collection":[{"href":"https:\/\/cssspnql.com\/en\/wp-json\/wp\/v2\/product"}],"about":[{"href":"https:\/\/cssspnql.com\/en\/wp-json\/wp\/v2\/types\/product"}],"wp:featuredmedia":[{"embeddable":true,"href":"https:\/\/cssspnql.com\/en\/wp-json\/wp\/v2\/media\/10618"}],"wp:attachment":[{"href":"https:\/\/cssspnql.com\/en\/wp-json\/wp\/v2\/media?parent=11385"}],"wp:term":[{"taxonomy":"product_brand","embeddable":true,"href":"https:\/\/cssspnql.com\/en\/wp-json\/wp\/v2\/product_brand?post=11385"},{"taxonomy":"product_cat","embeddable":true,"href":"https:\/\/cssspnql.com\/en\/wp-json\/wp\/v2\/product_cat?post=11385"},{"taxonomy":"product_tag","embeddable":true,"href":"https:\/\/cssspnql.com\/en\/wp-json\/wp\/v2\/product_tag?post=11385"}],"curies":[{"name":"wp","href":"https:\/\/api.w.org\/{rel}","templated":true}]}}