{"id":11394,"date":"2021-10-21T15:22:45","date_gmt":"2022-10-24T19:00:44","guid":{"rendered":"https:\/\/cssspnql.com\/produit\/brief-a-necessary-change-adapting-educational-services-to-our-communities-cultures-and-realities\/"},"modified":"2023-02-27T11:55:10","modified_gmt":"2023-02-27T16:55:10","slug":"brief-a-necessary-change-adapting-educational-services-to-our-communities-cultures-and-realities","status":"publish","type":"product","link":"https:\/\/cssspnql.com\/en\/produit\/brief-a-necessary-change-adapting-educational-services-to-our-communities-cultures-and-realities\/","title":{"rendered":"Brief A necessary change: Adapting Educational Services to our Communities\u2019 Cultures and Realities"},"content":{"rendered":"<p>This brief was prepared as part of the consultation on educational childcare services by Mathieu Lacombe, Minister of Families. The consultation was undertaken to help guide the Minister in the process of amending the Educational Childcare Act(CQLR,c.S-4.1.1) so that educational  childcare services adequately respond to the current and future needs of children and families. The Minist\u00e8re de la Famille et des A\u00een\u00e9s (MFA) will conduct a separate consultation with First Nations and Inuit owing to their distinct realities, thereby ensuring that their perspectives are taken into consideration. The First Nations of Quebec and Labrador Health and Social Services Commission (FNQLHSSC) and the Assembly of First Nations Qu\u00e9bec-Labrador (AFNQL) will participate in the consultations on June10,2021, in the capacity of organizations that have entered into a delegation agreement with the MFA.<\/p>\n","protected":false},"excerpt":{"rendered":"<p>C0805<\/p>\n","protected":false},"featured_media":10632,"template":"","meta":{"_acf_changed":false},"product_brand":[],"product_cat":[302],"product_tag":[],"class_list":{"0":"post-11394","1":"product","2":"type-product","3":"status-publish","4":"has-post-thumbnail","6":"product_cat-fnqlhssc","7":"pa_auteurs-assembly-of-first-nations-quebec-and-labrador-afnql","8":"pa_auteurs-first-nations-of-quebec-and-labrador-health-and-social-services-commission-fnqlhssc-en","9":"pa_document-type-digital","10":"pa_sujet-catalogue-of-publications","11":"pa_type-de-document-digital","13":"first","14":"instock","15":"product-type-simple"},"acf":[],"yoast_head":"<!-- This site is optimized with the Yoast SEO plugin v27.1.1 - https:\/\/yoast.com\/product\/yoast-seo-wordpress\/ -->\n<title>Brief A necessary change: Adapting Educational Services to our Communities\u2019 Cultures and Realities - CSSSPNQL<\/title>\n<meta name=\"robots\" content=\"index, follow, max-snippet:-1, max-image-preview:large, max-video-preview:-1\" \/>\n<link rel=\"canonical\" href=\"https:\/\/cssspnql.com\/en\/produit\/brief-a-necessary-change-adapting-educational-services-to-our-communities-cultures-and-realities\/\" \/>\n<meta property=\"og:locale\" content=\"en_US\" \/>\n<meta property=\"og:type\" content=\"article\" \/>\n<meta property=\"og:title\" content=\"Brief A necessary change: Adapting Educational Services to our Communities\u2019 Cultures and Realities - CSSSPNQL\" \/>\n<meta property=\"og:description\" content=\"C0805\" \/>\n<meta property=\"og:url\" content=\"https:\/\/cssspnql.com\/en\/produit\/brief-a-necessary-change-adapting-educational-services-to-our-communities-cultures-and-realities\/\" \/>\n<meta property=\"og:site_name\" content=\"CSSSPNQL\" \/>\n<meta property=\"article:modified_time\" content=\"2023-02-27T16:55:10+00:00\" \/>\n<meta property=\"og:image\" content=\"https:\/\/cssspnql.com\/wp-content\/uploads\/2022\/10\/C0805-E.jpg\" \/>\n\t<meta property=\"og:image:width\" content=\"800\" \/>\n\t<meta property=\"og:image:height\" content=\"800\" \/>\n\t<meta property=\"og:image:type\" content=\"image\/jpeg\" \/>\n<meta name=\"twitter:card\" content=\"summary_large_image\" \/>\n<meta name=\"twitter:label1\" content=\"Est. reading time\" \/>\n\t<meta name=\"twitter:data1\" content=\"1 minute\" \/>\n<script type=\"application\/ld+json\" class=\"yoast-schema-graph\">{\"@context\":\"https:\/\/schema.org\",\"@graph\":[{\"@type\":\"WebPage\",\"@id\":\"https:\/\/cssspnql.com\/en\/produit\/brief-a-necessary-change-adapting-educational-services-to-our-communities-cultures-and-realities\/\",\"url\":\"https:\/\/cssspnql.com\/en\/produit\/brief-a-necessary-change-adapting-educational-services-to-our-communities-cultures-and-realities\/\",\"name\":\"Brief A necessary change: Adapting Educational Services to our Communities\u2019 Cultures and Realities - CSSSPNQL\",\"isPartOf\":{\"@id\":\"https:\/\/cssspnql.com\/en\/#website\"},\"primaryImageOfPage\":{\"@id\":\"https:\/\/cssspnql.com\/en\/produit\/brief-a-necessary-change-adapting-educational-services-to-our-communities-cultures-and-realities\/#primaryimage\"},\"image\":{\"@id\":\"https:\/\/cssspnql.com\/en\/produit\/brief-a-necessary-change-adapting-educational-services-to-our-communities-cultures-and-realities\/#primaryimage\"},\"thumbnailUrl\":\"https:\/\/cssspnql.com\/wp-content\/uploads\/2022\/10\/C0805-E.jpg\",\"datePublished\":\"2022-10-24T19:00:44+00:00\",\"dateModified\":\"2023-02-27T16:55:10+00:00\",\"breadcrumb\":{\"@id\":\"https:\/\/cssspnql.com\/en\/produit\/brief-a-necessary-change-adapting-educational-services-to-our-communities-cultures-and-realities\/#breadcrumb\"},\"inLanguage\":\"en-US\",\"potentialAction\":[{\"@type\":\"ReadAction\",\"target\":[\"https:\/\/cssspnql.com\/en\/produit\/brief-a-necessary-change-adapting-educational-services-to-our-communities-cultures-and-realities\/\"]}]},{\"@type\":\"ImageObject\",\"inLanguage\":\"en-US\",\"@id\":\"https:\/\/cssspnql.com\/en\/produit\/brief-a-necessary-change-adapting-educational-services-to-our-communities-cultures-and-realities\/#primaryimage\",\"url\":\"https:\/\/cssspnql.com\/wp-content\/uploads\/2022\/10\/C0805-E.jpg\",\"contentUrl\":\"https:\/\/cssspnql.com\/wp-content\/uploads\/2022\/10\/C0805-E.jpg\",\"width\":800,\"height\":800,\"caption\":\"Brief A necessary change: Adapting Educational Services to our Communities\u2019 Cultures and Realities\"},{\"@type\":\"BreadcrumbList\",\"@id\":\"https:\/\/cssspnql.com\/en\/produit\/brief-a-necessary-change-adapting-educational-services-to-our-communities-cultures-and-realities\/#breadcrumb\",\"itemListElement\":[{\"@type\":\"ListItem\",\"position\":1,\"name\":\"Home\",\"item\":\"https:\/\/cssspnql.com\/en\/\"},{\"@type\":\"ListItem\",\"position\":2,\"name\":\"Documentation centre\",\"item\":\"https:\/\/cssspnql.com\/en\/documentation-centre\/\"},{\"@type\":\"ListItem\",\"position\":3,\"name\":\"FNQLHSSC\",\"item\":\"https:\/\/cssspnql.com\/en\/categorie-produit\/fnqlhssc\/\"},{\"@type\":\"ListItem\",\"position\":4,\"name\":\"Brief A necessary change: Adapting Educational Services to our Communities\u2019 Cultures and Realities\"}]},{\"@type\":\"WebSite\",\"@id\":\"https:\/\/cssspnql.com\/en\/#website\",\"url\":\"https:\/\/cssspnql.com\/en\/\",\"name\":\"CSSSPNQL\",\"description\":\"\",\"potentialAction\":[{\"@type\":\"SearchAction\",\"target\":{\"@type\":\"EntryPoint\",\"urlTemplate\":\"https:\/\/cssspnql.com\/en\/?s={search_term_string}\"},\"query-input\":{\"@type\":\"PropertyValueSpecification\",\"valueRequired\":true,\"valueName\":\"search_term_string\"}}],\"inLanguage\":\"en-US\"}]}<\/script>\n<!-- \/ Yoast SEO plugin. -->","yoast_head_json":{"title":"Brief A necessary change: Adapting Educational Services to our Communities\u2019 Cultures and Realities - CSSSPNQL","robots":{"index":"index","follow":"follow","max-snippet":"max-snippet:-1","max-image-preview":"max-image-preview:large","max-video-preview":"max-video-preview:-1"},"canonical":"https:\/\/cssspnql.com\/en\/produit\/brief-a-necessary-change-adapting-educational-services-to-our-communities-cultures-and-realities\/","og_locale":"en_US","og_type":"article","og_title":"Brief A necessary change: Adapting Educational Services to our Communities\u2019 Cultures and Realities - CSSSPNQL","og_description":"C0805","og_url":"https:\/\/cssspnql.com\/en\/produit\/brief-a-necessary-change-adapting-educational-services-to-our-communities-cultures-and-realities\/","og_site_name":"CSSSPNQL","article_modified_time":"2023-02-27T16:55:10+00:00","og_image":[{"width":800,"height":800,"url":"https:\/\/cssspnql.com\/wp-content\/uploads\/2022\/10\/C0805-E.jpg","type":"image\/jpeg"}],"twitter_card":"summary_large_image","twitter_misc":{"Est. reading time":"1 minute"},"schema":{"@context":"https:\/\/schema.org","@graph":[{"@type":"WebPage","@id":"https:\/\/cssspnql.com\/en\/produit\/brief-a-necessary-change-adapting-educational-services-to-our-communities-cultures-and-realities\/","url":"https:\/\/cssspnql.com\/en\/produit\/brief-a-necessary-change-adapting-educational-services-to-our-communities-cultures-and-realities\/","name":"Brief A necessary change: Adapting Educational Services to our Communities\u2019 Cultures and Realities - CSSSPNQL","isPartOf":{"@id":"https:\/\/cssspnql.com\/en\/#website"},"primaryImageOfPage":{"@id":"https:\/\/cssspnql.com\/en\/produit\/brief-a-necessary-change-adapting-educational-services-to-our-communities-cultures-and-realities\/#primaryimage"},"image":{"@id":"https:\/\/cssspnql.com\/en\/produit\/brief-a-necessary-change-adapting-educational-services-to-our-communities-cultures-and-realities\/#primaryimage"},"thumbnailUrl":"https:\/\/cssspnql.com\/wp-content\/uploads\/2022\/10\/C0805-E.jpg","datePublished":"2022-10-24T19:00:44+00:00","dateModified":"2023-02-27T16:55:10+00:00","breadcrumb":{"@id":"https:\/\/cssspnql.com\/en\/produit\/brief-a-necessary-change-adapting-educational-services-to-our-communities-cultures-and-realities\/#breadcrumb"},"inLanguage":"en-US","potentialAction":[{"@type":"ReadAction","target":["https:\/\/cssspnql.com\/en\/produit\/brief-a-necessary-change-adapting-educational-services-to-our-communities-cultures-and-realities\/"]}]},{"@type":"ImageObject","inLanguage":"en-US","@id":"https:\/\/cssspnql.com\/en\/produit\/brief-a-necessary-change-adapting-educational-services-to-our-communities-cultures-and-realities\/#primaryimage","url":"https:\/\/cssspnql.com\/wp-content\/uploads\/2022\/10\/C0805-E.jpg","contentUrl":"https:\/\/cssspnql.com\/wp-content\/uploads\/2022\/10\/C0805-E.jpg","width":800,"height":800,"caption":"Brief A necessary change: Adapting Educational Services to our Communities\u2019 Cultures and Realities"},{"@type":"BreadcrumbList","@id":"https:\/\/cssspnql.com\/en\/produit\/brief-a-necessary-change-adapting-educational-services-to-our-communities-cultures-and-realities\/#breadcrumb","itemListElement":[{"@type":"ListItem","position":1,"name":"Home","item":"https:\/\/cssspnql.com\/en\/"},{"@type":"ListItem","position":2,"name":"Documentation centre","item":"https:\/\/cssspnql.com\/en\/documentation-centre\/"},{"@type":"ListItem","position":3,"name":"FNQLHSSC","item":"https:\/\/cssspnql.com\/en\/categorie-produit\/fnqlhssc\/"},{"@type":"ListItem","position":4,"name":"Brief A necessary change: Adapting Educational Services to our Communities\u2019 Cultures and Realities"}]},{"@type":"WebSite","@id":"https:\/\/cssspnql.com\/en\/#website","url":"https:\/\/cssspnql.com\/en\/","name":"CSSSPNQL","description":"","potentialAction":[{"@type":"SearchAction","target":{"@type":"EntryPoint","urlTemplate":"https:\/\/cssspnql.com\/en\/?s={search_term_string}"},"query-input":{"@type":"PropertyValueSpecification","valueRequired":true,"valueName":"search_term_string"}}],"inLanguage":"en-US"}]}},"_links":{"self":[{"href":"https:\/\/cssspnql.com\/en\/wp-json\/wp\/v2\/product\/11394","targetHints":{"allow":["GET"]}}],"collection":[{"href":"https:\/\/cssspnql.com\/en\/wp-json\/wp\/v2\/product"}],"about":[{"href":"https:\/\/cssspnql.com\/en\/wp-json\/wp\/v2\/types\/product"}],"wp:featuredmedia":[{"embeddable":true,"href":"https:\/\/cssspnql.com\/en\/wp-json\/wp\/v2\/media\/10632"}],"wp:attachment":[{"href":"https:\/\/cssspnql.com\/en\/wp-json\/wp\/v2\/media?parent=11394"}],"wp:term":[{"taxonomy":"product_brand","embeddable":true,"href":"https:\/\/cssspnql.com\/en\/wp-json\/wp\/v2\/product_brand?post=11394"},{"taxonomy":"product_cat","embeddable":true,"href":"https:\/\/cssspnql.com\/en\/wp-json\/wp\/v2\/product_cat?post=11394"},{"taxonomy":"product_tag","embeddable":true,"href":"https:\/\/cssspnql.com\/en\/wp-json\/wp\/v2\/product_tag?post=11394"}],"curies":[{"name":"wp","href":"https:\/\/api.w.org\/{rel}","templated":true}]}}