{"id":11528,"date":"2014-10-21T15:24:00","date_gmt":"2022-10-24T19:01:35","guid":{"rendered":"https:\/\/cssspnql.com\/produit\/brief-sports-recreational-and-physical-activity-among-first-nations-between-tradition-and-performance\/"},"modified":"2023-06-05T13:26:42","modified_gmt":"2023-06-05T17:26:42","slug":"brief-sports-recreational-and-physical-activity-among-first-nations-between-tradition-and-performance","status":"publish","type":"product","link":"https:\/\/cssspnql.com\/en\/produit\/brief-sports-recreational-and-physical-activity-among-first-nations-between-tradition-and-performance\/","title":{"rendered":"Brief &#8211; Sports, Recreational and Physical Activity among First Nations, Between Tradition and Performance"},"content":{"rendered":"<p>During a meeting of the First Nations Health Directors&#8217; Network, that was held on November 19, 2013, representatives of the minist\u00e8re de l&#8217;\u00c9ducation, du Loisir et du Sport (MELS) presented the green paper of the Government of Quebec entitledLe go\u00fbt et le plaisir de bouger: vers une politique nationale du sport, du loisir et de l&#8217;activit\u00e9 physique (unofficial translation: The desire and pleasure of being active, towards a national policy for sports, recreational and physical activity).At this meeting, the Assistant Deputy Minister, Mr. Luc Fournier, invited the First Nations of Quebec and Labrador Health and Social Services Commission(FNQLHSSC) to present a brief before the adoption of the national policy scheduled for March 2014.In order to properly illustrate the connections between the adoption of healthy lifestyles, education, culture and health, the FNQLHSSC joined forces with the First Nations Education Council (FNEC) to prepare this brief.<\/p>\n","protected":false},"excerpt":{"rendered":"<p>C0236<\/p>\n","protected":false},"featured_media":10798,"template":"","meta":{"_acf_changed":false},"product_brand":[],"product_cat":[322,323],"product_tag":[],"class_list":{"0":"post-11528","1":"product","2":"type-product","3":"status-publish","4":"has-post-thumbnail","6":"product_cat-health-and-wellness","7":"product_cat-physical-activity","8":"pa_auteurs-first-nations-of-quebec-and-labrador-health-and-social-services-commission-fnqlhssc-en","9":"pa_auteurs-first-nstions-education-council-fnec","10":"pa_document-type-digital","11":"pa_sujet-catalogue-of-publications","12":"pa_sujet-sports-en","13":"pa_type-de-document-digital","15":"first","16":"instock","17":"product-type-simple"},"acf":[],"yoast_head":"<!-- This site is optimized with the Yoast SEO plugin v27.1.1 - https:\/\/yoast.com\/product\/yoast-seo-wordpress\/ -->\n<title>Brief - Sports, Recreational and Physical Activity among First Nations, Between Tradition and Performance - CSSSPNQL<\/title>\n<meta name=\"robots\" content=\"index, follow, max-snippet:-1, max-image-preview:large, max-video-preview:-1\" \/>\n<link rel=\"canonical\" href=\"https:\/\/cssspnql.com\/en\/produit\/brief-sports-recreational-and-physical-activity-among-first-nations-between-tradition-and-performance\/\" \/>\n<meta property=\"og:locale\" content=\"en_US\" \/>\n<meta property=\"og:type\" content=\"article\" \/>\n<meta property=\"og:title\" content=\"Brief - Sports, Recreational and Physical Activity among First Nations, Between Tradition and Performance - CSSSPNQL\" \/>\n<meta property=\"og:description\" content=\"C0236\" \/>\n<meta property=\"og:url\" content=\"https:\/\/cssspnql.com\/en\/produit\/brief-sports-recreational-and-physical-activity-among-first-nations-between-tradition-and-performance\/\" \/>\n<meta property=\"og:site_name\" content=\"CSSSPNQL\" \/>\n<meta property=\"article:modified_time\" content=\"2023-06-05T17:26:42+00:00\" \/>\n<meta property=\"og:image\" content=\"https:\/\/cssspnql.com\/wp-content\/uploads\/2022\/10\/C0236-E.jpg\" \/>\n\t<meta property=\"og:image:width\" content=\"800\" \/>\n\t<meta property=\"og:image:height\" content=\"800\" \/>\n\t<meta property=\"og:image:type\" content=\"image\/jpeg\" \/>\n<meta name=\"twitter:card\" content=\"summary_large_image\" \/>\n<meta name=\"twitter:label1\" content=\"Est. reading time\" \/>\n\t<meta name=\"twitter:data1\" content=\"1 minute\" \/>\n<script type=\"application\/ld+json\" class=\"yoast-schema-graph\">{\"@context\":\"https:\/\/schema.org\",\"@graph\":[{\"@type\":\"WebPage\",\"@id\":\"https:\/\/cssspnql.com\/en\/produit\/brief-sports-recreational-and-physical-activity-among-first-nations-between-tradition-and-performance\/\",\"url\":\"https:\/\/cssspnql.com\/en\/produit\/brief-sports-recreational-and-physical-activity-among-first-nations-between-tradition-and-performance\/\",\"name\":\"Brief - Sports, Recreational and Physical Activity among First Nations, Between Tradition and Performance - CSSSPNQL\",\"isPartOf\":{\"@id\":\"https:\/\/cssspnql.com\/en\/#website\"},\"primaryImageOfPage\":{\"@id\":\"https:\/\/cssspnql.com\/en\/produit\/brief-sports-recreational-and-physical-activity-among-first-nations-between-tradition-and-performance\/#primaryimage\"},\"image\":{\"@id\":\"https:\/\/cssspnql.com\/en\/produit\/brief-sports-recreational-and-physical-activity-among-first-nations-between-tradition-and-performance\/#primaryimage\"},\"thumbnailUrl\":\"https:\/\/cssspnql.com\/wp-content\/uploads\/2022\/10\/C0236-E.jpg\",\"datePublished\":\"2022-10-24T19:01:35+00:00\",\"dateModified\":\"2023-06-05T17:26:42+00:00\",\"breadcrumb\":{\"@id\":\"https:\/\/cssspnql.com\/en\/produit\/brief-sports-recreational-and-physical-activity-among-first-nations-between-tradition-and-performance\/#breadcrumb\"},\"inLanguage\":\"en-US\",\"potentialAction\":[{\"@type\":\"ReadAction\",\"target\":[\"https:\/\/cssspnql.com\/en\/produit\/brief-sports-recreational-and-physical-activity-among-first-nations-between-tradition-and-performance\/\"]}]},{\"@type\":\"ImageObject\",\"inLanguage\":\"en-US\",\"@id\":\"https:\/\/cssspnql.com\/en\/produit\/brief-sports-recreational-and-physical-activity-among-first-nations-between-tradition-and-performance\/#primaryimage\",\"url\":\"https:\/\/cssspnql.com\/wp-content\/uploads\/2022\/10\/C0236-E.jpg\",\"contentUrl\":\"https:\/\/cssspnql.com\/wp-content\/uploads\/2022\/10\/C0236-E.jpg\",\"width\":800,\"height\":800,\"caption\":\"Brief - Sports\"},{\"@type\":\"BreadcrumbList\",\"@id\":\"https:\/\/cssspnql.com\/en\/produit\/brief-sports-recreational-and-physical-activity-among-first-nations-between-tradition-and-performance\/#breadcrumb\",\"itemListElement\":[{\"@type\":\"ListItem\",\"position\":1,\"name\":\"Home\",\"item\":\"https:\/\/cssspnql.com\/en\/\"},{\"@type\":\"ListItem\",\"position\":2,\"name\":\"Documentation centre\",\"item\":\"https:\/\/cssspnql.com\/en\/documentation-centre\/\"},{\"@type\":\"ListItem\",\"position\":3,\"name\":\"Health and wellness\",\"item\":\"https:\/\/cssspnql.com\/en\/categorie-produit\/health-and-wellness\/\"},{\"@type\":\"ListItem\",\"position\":4,\"name\":\"Physical activity\",\"item\":\"https:\/\/cssspnql.com\/en\/categorie-produit\/health-and-wellness\/physical-activity\/\"},{\"@type\":\"ListItem\",\"position\":5,\"name\":\"Brief &#8211; Sports, Recreational and Physical Activity among First Nations, Between Tradition and Performance\"}]},{\"@type\":\"WebSite\",\"@id\":\"https:\/\/cssspnql.com\/en\/#website\",\"url\":\"https:\/\/cssspnql.com\/en\/\",\"name\":\"CSSSPNQL\",\"description\":\"\",\"potentialAction\":[{\"@type\":\"SearchAction\",\"target\":{\"@type\":\"EntryPoint\",\"urlTemplate\":\"https:\/\/cssspnql.com\/en\/?s={search_term_string}\"},\"query-input\":{\"@type\":\"PropertyValueSpecification\",\"valueRequired\":true,\"valueName\":\"search_term_string\"}}],\"inLanguage\":\"en-US\"}]}<\/script>\n<!-- \/ Yoast SEO plugin. -->","yoast_head_json":{"title":"Brief - Sports, Recreational and Physical Activity among First Nations, Between Tradition and Performance - CSSSPNQL","robots":{"index":"index","follow":"follow","max-snippet":"max-snippet:-1","max-image-preview":"max-image-preview:large","max-video-preview":"max-video-preview:-1"},"canonical":"https:\/\/cssspnql.com\/en\/produit\/brief-sports-recreational-and-physical-activity-among-first-nations-between-tradition-and-performance\/","og_locale":"en_US","og_type":"article","og_title":"Brief - Sports, Recreational and Physical Activity among First Nations, Between Tradition and Performance - CSSSPNQL","og_description":"C0236","og_url":"https:\/\/cssspnql.com\/en\/produit\/brief-sports-recreational-and-physical-activity-among-first-nations-between-tradition-and-performance\/","og_site_name":"CSSSPNQL","article_modified_time":"2023-06-05T17:26:42+00:00","og_image":[{"width":800,"height":800,"url":"https:\/\/cssspnql.com\/wp-content\/uploads\/2022\/10\/C0236-E.jpg","type":"image\/jpeg"}],"twitter_card":"summary_large_image","twitter_misc":{"Est. reading time":"1 minute"},"schema":{"@context":"https:\/\/schema.org","@graph":[{"@type":"WebPage","@id":"https:\/\/cssspnql.com\/en\/produit\/brief-sports-recreational-and-physical-activity-among-first-nations-between-tradition-and-performance\/","url":"https:\/\/cssspnql.com\/en\/produit\/brief-sports-recreational-and-physical-activity-among-first-nations-between-tradition-and-performance\/","name":"Brief - Sports, Recreational and Physical Activity among First Nations, Between Tradition and Performance - CSSSPNQL","isPartOf":{"@id":"https:\/\/cssspnql.com\/en\/#website"},"primaryImageOfPage":{"@id":"https:\/\/cssspnql.com\/en\/produit\/brief-sports-recreational-and-physical-activity-among-first-nations-between-tradition-and-performance\/#primaryimage"},"image":{"@id":"https:\/\/cssspnql.com\/en\/produit\/brief-sports-recreational-and-physical-activity-among-first-nations-between-tradition-and-performance\/#primaryimage"},"thumbnailUrl":"https:\/\/cssspnql.com\/wp-content\/uploads\/2022\/10\/C0236-E.jpg","datePublished":"2022-10-24T19:01:35+00:00","dateModified":"2023-06-05T17:26:42+00:00","breadcrumb":{"@id":"https:\/\/cssspnql.com\/en\/produit\/brief-sports-recreational-and-physical-activity-among-first-nations-between-tradition-and-performance\/#breadcrumb"},"inLanguage":"en-US","potentialAction":[{"@type":"ReadAction","target":["https:\/\/cssspnql.com\/en\/produit\/brief-sports-recreational-and-physical-activity-among-first-nations-between-tradition-and-performance\/"]}]},{"@type":"ImageObject","inLanguage":"en-US","@id":"https:\/\/cssspnql.com\/en\/produit\/brief-sports-recreational-and-physical-activity-among-first-nations-between-tradition-and-performance\/#primaryimage","url":"https:\/\/cssspnql.com\/wp-content\/uploads\/2022\/10\/C0236-E.jpg","contentUrl":"https:\/\/cssspnql.com\/wp-content\/uploads\/2022\/10\/C0236-E.jpg","width":800,"height":800,"caption":"Brief - Sports"},{"@type":"BreadcrumbList","@id":"https:\/\/cssspnql.com\/en\/produit\/brief-sports-recreational-and-physical-activity-among-first-nations-between-tradition-and-performance\/#breadcrumb","itemListElement":[{"@type":"ListItem","position":1,"name":"Home","item":"https:\/\/cssspnql.com\/en\/"},{"@type":"ListItem","position":2,"name":"Documentation centre","item":"https:\/\/cssspnql.com\/en\/documentation-centre\/"},{"@type":"ListItem","position":3,"name":"Health and wellness","item":"https:\/\/cssspnql.com\/en\/categorie-produit\/health-and-wellness\/"},{"@type":"ListItem","position":4,"name":"Physical activity","item":"https:\/\/cssspnql.com\/en\/categorie-produit\/health-and-wellness\/physical-activity\/"},{"@type":"ListItem","position":5,"name":"Brief &#8211; Sports, Recreational and Physical Activity among First Nations, Between Tradition and Performance"}]},{"@type":"WebSite","@id":"https:\/\/cssspnql.com\/en\/#website","url":"https:\/\/cssspnql.com\/en\/","name":"CSSSPNQL","description":"","potentialAction":[{"@type":"SearchAction","target":{"@type":"EntryPoint","urlTemplate":"https:\/\/cssspnql.com\/en\/?s={search_term_string}"},"query-input":{"@type":"PropertyValueSpecification","valueRequired":true,"valueName":"search_term_string"}}],"inLanguage":"en-US"}]}},"_links":{"self":[{"href":"https:\/\/cssspnql.com\/en\/wp-json\/wp\/v2\/product\/11528","targetHints":{"allow":["GET"]}}],"collection":[{"href":"https:\/\/cssspnql.com\/en\/wp-json\/wp\/v2\/product"}],"about":[{"href":"https:\/\/cssspnql.com\/en\/wp-json\/wp\/v2\/types\/product"}],"wp:featuredmedia":[{"embeddable":true,"href":"https:\/\/cssspnql.com\/en\/wp-json\/wp\/v2\/media\/10798"}],"wp:attachment":[{"href":"https:\/\/cssspnql.com\/en\/wp-json\/wp\/v2\/media?parent=11528"}],"wp:term":[{"taxonomy":"product_brand","embeddable":true,"href":"https:\/\/cssspnql.com\/en\/wp-json\/wp\/v2\/product_brand?post=11528"},{"taxonomy":"product_cat","embeddable":true,"href":"https:\/\/cssspnql.com\/en\/wp-json\/wp\/v2\/product_cat?post=11528"},{"taxonomy":"product_tag","embeddable":true,"href":"https:\/\/cssspnql.com\/en\/wp-json\/wp\/v2\/product_tag?post=11528"}],"curies":[{"name":"wp","href":"https:\/\/api.w.org\/{rel}","templated":true}]}}