{"id":11540,"date":"2014-10-21T15:24:07","date_gmt":"2022-10-24T19:01:42","guid":{"rendered":"https:\/\/cssspnql.com\/produit\/brief-on-residential-and-long-term-care-resources-for-quebec-first-nations\/"},"modified":"2023-02-22T16:23:54","modified_gmt":"2023-02-22T21:23:54","slug":"brief-on-residential-and-long-term-care-resources-for-quebec-first-nations","status":"publish","type":"product","link":"https:\/\/cssspnql.com\/en\/produit\/brief-on-residential-and-long-term-care-resources-for-quebec-first-nations\/","title":{"rendered":"Brief on residential and long-term care resources for Quebec First Nations"},"content":{"rendered":"<p>This brief was intended for The Committee on Health and Social Services of the Assembl\u00e9e Nationale du Qu\u00e9bec as part of the special consultation on: \u00abLes conditions de vie des adultes h\u00e9berg\u00e9s en centre d&#8217;h\u00e9bergement et de soins de longue dur\u00e9e\u00bb (unofficial translation: The living conditions of adults who are accomodated in the CHSLD). The situation portrayed in the brief illustrates the economic, geographic, linguistic and cultural barriers that the accommodated First Nations adults of Quebec are faced with. But above all else, it is the persistence of the structural and jurisdictional obstacles that arise in their relationswith government authorities and the lack of political will to eliminate these obstacles that represent their greatest challenge.<\/p>\n","protected":false},"excerpt":{"rendered":"<p>C0259<\/p>\n","protected":false},"featured_media":10814,"template":"","meta":{"_acf_changed":false},"product_brand":[],"product_cat":[282,307,305],"product_tag":[],"class_list":{"0":"post-11540","1":"product","2":"type-product","3":"status-publish","4":"has-post-thumbnail","6":"product_cat-childhood-and-family-en","7":"product_cat-home-care-and-assisted-living","8":"product_cat-seniors-and-clients-with-loss-of-autonomy","9":"pa_auteurs-first-nations-of-quebec-and-labrador-health-and-social-services-commission-fnqlhssc-en","10":"pa_document-type-digital","11":"pa_sujet-catalogue-of-publications","12":"pa_sujet-elders","13":"pa_type-de-document-digital","15":"first","16":"instock","17":"product-type-simple"},"acf":[],"yoast_head":"<!-- This site is optimized with the Yoast SEO plugin v27.1.1 - https:\/\/yoast.com\/product\/yoast-seo-wordpress\/ -->\n<title>Brief on residential and long-term care resources for Quebec First Nations - CSSSPNQL<\/title>\n<meta name=\"robots\" content=\"index, follow, max-snippet:-1, max-image-preview:large, max-video-preview:-1\" \/>\n<link rel=\"canonical\" href=\"https:\/\/cssspnql.com\/en\/produit\/brief-on-residential-and-long-term-care-resources-for-quebec-first-nations\/\" \/>\n<meta property=\"og:locale\" content=\"en_US\" \/>\n<meta property=\"og:type\" content=\"article\" \/>\n<meta property=\"og:title\" content=\"Brief on residential and long-term care resources for Quebec First Nations - CSSSPNQL\" \/>\n<meta property=\"og:description\" content=\"C0259\" \/>\n<meta property=\"og:url\" content=\"https:\/\/cssspnql.com\/en\/produit\/brief-on-residential-and-long-term-care-resources-for-quebec-first-nations\/\" \/>\n<meta property=\"og:site_name\" content=\"CSSSPNQL\" \/>\n<meta property=\"article:modified_time\" content=\"2023-02-22T21:23:54+00:00\" \/>\n<meta property=\"og:image\" content=\"https:\/\/cssspnql.com\/wp-content\/uploads\/2022\/10\/C0259-E.jpg\" \/>\n\t<meta property=\"og:image:width\" content=\"800\" \/>\n\t<meta property=\"og:image:height\" content=\"800\" \/>\n\t<meta property=\"og:image:type\" content=\"image\/jpeg\" \/>\n<meta name=\"twitter:card\" content=\"summary_large_image\" \/>\n<meta name=\"twitter:label1\" content=\"Est. reading time\" \/>\n\t<meta name=\"twitter:data1\" content=\"1 minute\" \/>\n<script type=\"application\/ld+json\" class=\"yoast-schema-graph\">{\"@context\":\"https:\/\/schema.org\",\"@graph\":[{\"@type\":\"WebPage\",\"@id\":\"https:\/\/cssspnql.com\/en\/produit\/brief-on-residential-and-long-term-care-resources-for-quebec-first-nations\/\",\"url\":\"https:\/\/cssspnql.com\/en\/produit\/brief-on-residential-and-long-term-care-resources-for-quebec-first-nations\/\",\"name\":\"Brief on residential and long-term care resources for Quebec First Nations - CSSSPNQL\",\"isPartOf\":{\"@id\":\"https:\/\/cssspnql.com\/en\/#website\"},\"primaryImageOfPage\":{\"@id\":\"https:\/\/cssspnql.com\/en\/produit\/brief-on-residential-and-long-term-care-resources-for-quebec-first-nations\/#primaryimage\"},\"image\":{\"@id\":\"https:\/\/cssspnql.com\/en\/produit\/brief-on-residential-and-long-term-care-resources-for-quebec-first-nations\/#primaryimage\"},\"thumbnailUrl\":\"https:\/\/cssspnql.com\/wp-content\/uploads\/2022\/10\/C0259-E.jpg\",\"datePublished\":\"2022-10-24T19:01:42+00:00\",\"dateModified\":\"2023-02-22T21:23:54+00:00\",\"breadcrumb\":{\"@id\":\"https:\/\/cssspnql.com\/en\/produit\/brief-on-residential-and-long-term-care-resources-for-quebec-first-nations\/#breadcrumb\"},\"inLanguage\":\"en-US\",\"potentialAction\":[{\"@type\":\"ReadAction\",\"target\":[\"https:\/\/cssspnql.com\/en\/produit\/brief-on-residential-and-long-term-care-resources-for-quebec-first-nations\/\"]}]},{\"@type\":\"ImageObject\",\"inLanguage\":\"en-US\",\"@id\":\"https:\/\/cssspnql.com\/en\/produit\/brief-on-residential-and-long-term-care-resources-for-quebec-first-nations\/#primaryimage\",\"url\":\"https:\/\/cssspnql.com\/wp-content\/uploads\/2022\/10\/C0259-E.jpg\",\"contentUrl\":\"https:\/\/cssspnql.com\/wp-content\/uploads\/2022\/10\/C0259-E.jpg\",\"width\":800,\"height\":800,\"caption\":\"Brief on residential and long-term care resources for Quebec First Nations\"},{\"@type\":\"BreadcrumbList\",\"@id\":\"https:\/\/cssspnql.com\/en\/produit\/brief-on-residential-and-long-term-care-resources-for-quebec-first-nations\/#breadcrumb\",\"itemListElement\":[{\"@type\":\"ListItem\",\"position\":1,\"name\":\"Home\",\"item\":\"https:\/\/cssspnql.com\/en\/\"},{\"@type\":\"ListItem\",\"position\":2,\"name\":\"Documentation centre\",\"item\":\"https:\/\/cssspnql.com\/en\/documentation-centre\/\"},{\"@type\":\"ListItem\",\"position\":3,\"name\":\"Childhood and family\",\"item\":\"https:\/\/cssspnql.com\/en\/categorie-produit\/childhood-and-family-en\/\"},{\"@type\":\"ListItem\",\"position\":4,\"name\":\"Seniors and clients with loss of autonomy\",\"item\":\"https:\/\/cssspnql.com\/en\/categorie-produit\/childhood-and-family-en\/seniors-and-clients-with-loss-of-autonomy\/\"},{\"@type\":\"ListItem\",\"position\":5,\"name\":\"Home care and assisted living\",\"item\":\"https:\/\/cssspnql.com\/en\/categorie-produit\/childhood-and-family-en\/seniors-and-clients-with-loss-of-autonomy\/home-care-and-assisted-living\/\"},{\"@type\":\"ListItem\",\"position\":6,\"name\":\"Brief on residential and long-term care resources for Quebec First Nations\"}]},{\"@type\":\"WebSite\",\"@id\":\"https:\/\/cssspnql.com\/en\/#website\",\"url\":\"https:\/\/cssspnql.com\/en\/\",\"name\":\"CSSSPNQL\",\"description\":\"\",\"potentialAction\":[{\"@type\":\"SearchAction\",\"target\":{\"@type\":\"EntryPoint\",\"urlTemplate\":\"https:\/\/cssspnql.com\/en\/?s={search_term_string}\"},\"query-input\":{\"@type\":\"PropertyValueSpecification\",\"valueRequired\":true,\"valueName\":\"search_term_string\"}}],\"inLanguage\":\"en-US\"}]}<\/script>\n<!-- \/ Yoast SEO plugin. -->","yoast_head_json":{"title":"Brief on residential and long-term care resources for Quebec First Nations - CSSSPNQL","robots":{"index":"index","follow":"follow","max-snippet":"max-snippet:-1","max-image-preview":"max-image-preview:large","max-video-preview":"max-video-preview:-1"},"canonical":"https:\/\/cssspnql.com\/en\/produit\/brief-on-residential-and-long-term-care-resources-for-quebec-first-nations\/","og_locale":"en_US","og_type":"article","og_title":"Brief on residential and long-term care resources for Quebec First Nations - CSSSPNQL","og_description":"C0259","og_url":"https:\/\/cssspnql.com\/en\/produit\/brief-on-residential-and-long-term-care-resources-for-quebec-first-nations\/","og_site_name":"CSSSPNQL","article_modified_time":"2023-02-22T21:23:54+00:00","og_image":[{"width":800,"height":800,"url":"https:\/\/cssspnql.com\/wp-content\/uploads\/2022\/10\/C0259-E.jpg","type":"image\/jpeg"}],"twitter_card":"summary_large_image","twitter_misc":{"Est. reading time":"1 minute"},"schema":{"@context":"https:\/\/schema.org","@graph":[{"@type":"WebPage","@id":"https:\/\/cssspnql.com\/en\/produit\/brief-on-residential-and-long-term-care-resources-for-quebec-first-nations\/","url":"https:\/\/cssspnql.com\/en\/produit\/brief-on-residential-and-long-term-care-resources-for-quebec-first-nations\/","name":"Brief on residential and long-term care resources for Quebec First Nations - CSSSPNQL","isPartOf":{"@id":"https:\/\/cssspnql.com\/en\/#website"},"primaryImageOfPage":{"@id":"https:\/\/cssspnql.com\/en\/produit\/brief-on-residential-and-long-term-care-resources-for-quebec-first-nations\/#primaryimage"},"image":{"@id":"https:\/\/cssspnql.com\/en\/produit\/brief-on-residential-and-long-term-care-resources-for-quebec-first-nations\/#primaryimage"},"thumbnailUrl":"https:\/\/cssspnql.com\/wp-content\/uploads\/2022\/10\/C0259-E.jpg","datePublished":"2022-10-24T19:01:42+00:00","dateModified":"2023-02-22T21:23:54+00:00","breadcrumb":{"@id":"https:\/\/cssspnql.com\/en\/produit\/brief-on-residential-and-long-term-care-resources-for-quebec-first-nations\/#breadcrumb"},"inLanguage":"en-US","potentialAction":[{"@type":"ReadAction","target":["https:\/\/cssspnql.com\/en\/produit\/brief-on-residential-and-long-term-care-resources-for-quebec-first-nations\/"]}]},{"@type":"ImageObject","inLanguage":"en-US","@id":"https:\/\/cssspnql.com\/en\/produit\/brief-on-residential-and-long-term-care-resources-for-quebec-first-nations\/#primaryimage","url":"https:\/\/cssspnql.com\/wp-content\/uploads\/2022\/10\/C0259-E.jpg","contentUrl":"https:\/\/cssspnql.com\/wp-content\/uploads\/2022\/10\/C0259-E.jpg","width":800,"height":800,"caption":"Brief on residential and long-term care resources for Quebec First Nations"},{"@type":"BreadcrumbList","@id":"https:\/\/cssspnql.com\/en\/produit\/brief-on-residential-and-long-term-care-resources-for-quebec-first-nations\/#breadcrumb","itemListElement":[{"@type":"ListItem","position":1,"name":"Home","item":"https:\/\/cssspnql.com\/en\/"},{"@type":"ListItem","position":2,"name":"Documentation centre","item":"https:\/\/cssspnql.com\/en\/documentation-centre\/"},{"@type":"ListItem","position":3,"name":"Childhood and family","item":"https:\/\/cssspnql.com\/en\/categorie-produit\/childhood-and-family-en\/"},{"@type":"ListItem","position":4,"name":"Seniors and clients with loss of autonomy","item":"https:\/\/cssspnql.com\/en\/categorie-produit\/childhood-and-family-en\/seniors-and-clients-with-loss-of-autonomy\/"},{"@type":"ListItem","position":5,"name":"Home care and assisted living","item":"https:\/\/cssspnql.com\/en\/categorie-produit\/childhood-and-family-en\/seniors-and-clients-with-loss-of-autonomy\/home-care-and-assisted-living\/"},{"@type":"ListItem","position":6,"name":"Brief on residential and long-term care resources for Quebec First Nations"}]},{"@type":"WebSite","@id":"https:\/\/cssspnql.com\/en\/#website","url":"https:\/\/cssspnql.com\/en\/","name":"CSSSPNQL","description":"","potentialAction":[{"@type":"SearchAction","target":{"@type":"EntryPoint","urlTemplate":"https:\/\/cssspnql.com\/en\/?s={search_term_string}"},"query-input":{"@type":"PropertyValueSpecification","valueRequired":true,"valueName":"search_term_string"}}],"inLanguage":"en-US"}]}},"_links":{"self":[{"href":"https:\/\/cssspnql.com\/en\/wp-json\/wp\/v2\/product\/11540","targetHints":{"allow":["GET"]}}],"collection":[{"href":"https:\/\/cssspnql.com\/en\/wp-json\/wp\/v2\/product"}],"about":[{"href":"https:\/\/cssspnql.com\/en\/wp-json\/wp\/v2\/types\/product"}],"wp:featuredmedia":[{"embeddable":true,"href":"https:\/\/cssspnql.com\/en\/wp-json\/wp\/v2\/media\/10814"}],"wp:attachment":[{"href":"https:\/\/cssspnql.com\/en\/wp-json\/wp\/v2\/media?parent=11540"}],"wp:term":[{"taxonomy":"product_brand","embeddable":true,"href":"https:\/\/cssspnql.com\/en\/wp-json\/wp\/v2\/product_brand?post=11540"},{"taxonomy":"product_cat","embeddable":true,"href":"https:\/\/cssspnql.com\/en\/wp-json\/wp\/v2\/product_cat?post=11540"},{"taxonomy":"product_tag","embeddable":true,"href":"https:\/\/cssspnql.com\/en\/wp-json\/wp\/v2\/product_tag?post=11540"}],"curies":[{"name":"wp","href":"https:\/\/api.w.org\/{rel}","templated":true}]}}