{"id":11627,"date":"2003-08-25T15:24:45","date_gmt":"2022-10-24T19:02:09","guid":{"rendered":"https:\/\/cssspnql.com\/produit\/brief-presented-to-the-assistant-deputy-ministers-office-direction-generale-des-politiques-familiales-ministere-de-lemploi-de-la-solidarite-sociale-et-de-la-famille-by-the-assembly-of-first-natio\/"},"modified":"2022-11-16T15:01:48","modified_gmt":"2022-11-16T20:01:48","slug":"brief-presented-to-the-assistant-deputy-ministers-office-direction-generale-des-politiques-familiales-ministere-de-lemploi-de-la-solidarite-sociale-et-de-la-famille-by-the-assembly-of-first-natio","status":"publish","type":"product","link":"https:\/\/cssspnql.com\/en\/produit\/brief-presented-to-the-assistant-deputy-ministers-office-direction-generale-des-politiques-familiales-ministere-de-lemploi-de-la-solidarite-sociale-et-de-la-famille-by-the-assembly-of-first-natio\/","title":{"rendered":"Brief Presented to the Assistant Deputy Minister&#8217;s Office, Direction g\u00e9n\u00e9rale des politiques familiales, Minist\u00e8re de l&#8217;Emploi, de la Solidarit\u00e9 sociale et de la Famille by The Assembly of First Nations of Quebec and Labrador and First Nations of Quebec and Labrador Health and Social Services Commission"},"content":{"rendered":"<p>In the last few years, Qu\u00e9bec\u2019s First Nations communities have invested a great deal of effort in the creation and development of services and programs for their members. It has been a learning process, one that has encouraged First Nations members to think about developing long-term capacities within their communities and exercising their inherent rights to manage and exploit their resources.<br \/>\nThe purpose of this document is to present an overview of the most significant elements that have played a role in shaping programs such as childcare and other services related to early childhood development in the First Nations of Qu\u00e9bec.<\/p>\n","protected":false},"excerpt":{"rendered":"<p>Num\u00e9ro d&#8217;article: C0425<\/p>\n","protected":false},"featured_media":19257,"template":"","meta":{"_acf_changed":false},"product_brand":[],"product_cat":[2699],"product_tag":[],"class_list":{"0":"post-11627","1":"product","2":"type-product","3":"status-publish","4":"has-post-thumbnail","6":"product_cat-other-en","7":"pa_auteurs-first-nations-of-quebec-and-labrador-health-and-social-services-commission-fnqlhssc-en","8":"pa_document-type-digital","9":"pa_sujet-memoire-en","10":"pa_type-de-document-digital","12":"first","13":"instock","14":"product-type-simple"},"acf":[],"yoast_head":"<!-- This site is optimized with the Yoast SEO plugin v27.1.1 - https:\/\/yoast.com\/product\/yoast-seo-wordpress\/ -->\n<title>Brief Presented to the Assistant Deputy Minister&#039;s Office, Direction g\u00e9n\u00e9rale des politiques familiales, Minist\u00e8re de l&#039;Emploi, de la Solidarit\u00e9 sociale et de la Famille by The Assembly of First Nations of Quebec and Labrador and First Nations of Quebec and Labrador Health and Social Services Commission - CSSSPNQL<\/title>\n<meta name=\"robots\" content=\"index, follow, max-snippet:-1, max-image-preview:large, max-video-preview:-1\" \/>\n<link rel=\"canonical\" href=\"https:\/\/cssspnql.com\/en\/produit\/brief-presented-to-the-assistant-deputy-ministers-office-direction-generale-des-politiques-familiales-ministere-de-lemploi-de-la-solidarite-sociale-et-de-la-famille-by-the-assembly-of-first-natio\/\" \/>\n<meta property=\"og:locale\" content=\"en_US\" \/>\n<meta property=\"og:type\" content=\"article\" \/>\n<meta property=\"og:title\" content=\"Brief Presented to the Assistant Deputy Minister&#039;s Office, Direction g\u00e9n\u00e9rale des politiques familiales, Minist\u00e8re de l&#039;Emploi, de la Solidarit\u00e9 sociale et de la Famille by The Assembly of First Nations of Quebec and Labrador and First Nations of Quebec and Labrador Health and Social Services Commission - CSSSPNQL\" \/>\n<meta property=\"og:description\" content=\"Num\u00e9ro d&#039;article: C0425\" \/>\n<meta property=\"og:url\" content=\"https:\/\/cssspnql.com\/en\/produit\/brief-presented-to-the-assistant-deputy-ministers-office-direction-generale-des-politiques-familiales-ministere-de-lemploi-de-la-solidarite-sociale-et-de-la-famille-by-the-assembly-of-first-natio\/\" \/>\n<meta property=\"og:site_name\" content=\"CSSSPNQL\" \/>\n<meta property=\"article:modified_time\" content=\"2022-11-16T20:01:48+00:00\" \/>\n<meta property=\"og:image\" content=\"https:\/\/cssspnql.com\/wp-content\/uploads\/2022\/10\/c0425.png\" \/>\n\t<meta property=\"og:image:width\" content=\"596\" \/>\n\t<meta property=\"og:image:height\" content=\"730\" \/>\n\t<meta property=\"og:image:type\" content=\"image\/png\" \/>\n<meta name=\"twitter:card\" content=\"summary_large_image\" \/>\n<meta name=\"twitter:label1\" content=\"Est. reading time\" \/>\n\t<meta name=\"twitter:data1\" content=\"1 minute\" \/>\n<script type=\"application\/ld+json\" class=\"yoast-schema-graph\">{\"@context\":\"https:\/\/schema.org\",\"@graph\":[{\"@type\":\"WebPage\",\"@id\":\"https:\/\/cssspnql.com\/en\/produit\/brief-presented-to-the-assistant-deputy-ministers-office-direction-generale-des-politiques-familiales-ministere-de-lemploi-de-la-solidarite-sociale-et-de-la-famille-by-the-assembly-of-first-natio\/\",\"url\":\"https:\/\/cssspnql.com\/en\/produit\/brief-presented-to-the-assistant-deputy-ministers-office-direction-generale-des-politiques-familiales-ministere-de-lemploi-de-la-solidarite-sociale-et-de-la-famille-by-the-assembly-of-first-natio\/\",\"name\":\"Brief Presented to the Assistant Deputy Minister's Office, Direction g\u00e9n\u00e9rale des politiques familiales, Minist\u00e8re de l'Emploi, de la Solidarit\u00e9 sociale et de la Famille by The Assembly of First Nations of Quebec and Labrador and First Nations of Quebec and Labrador Health and Social Services Commission - CSSSPNQL\",\"isPartOf\":{\"@id\":\"https:\/\/cssspnql.com\/en\/#website\"},\"primaryImageOfPage\":{\"@id\":\"https:\/\/cssspnql.com\/en\/produit\/brief-presented-to-the-assistant-deputy-ministers-office-direction-generale-des-politiques-familiales-ministere-de-lemploi-de-la-solidarite-sociale-et-de-la-famille-by-the-assembly-of-first-natio\/#primaryimage\"},\"image\":{\"@id\":\"https:\/\/cssspnql.com\/en\/produit\/brief-presented-to-the-assistant-deputy-ministers-office-direction-generale-des-politiques-familiales-ministere-de-lemploi-de-la-solidarite-sociale-et-de-la-famille-by-the-assembly-of-first-natio\/#primaryimage\"},\"thumbnailUrl\":\"https:\/\/cssspnql.com\/wp-content\/uploads\/2022\/10\/c0425.png\",\"datePublished\":\"2022-10-24T19:02:09+00:00\",\"dateModified\":\"2022-11-16T20:01:48+00:00\",\"breadcrumb\":{\"@id\":\"https:\/\/cssspnql.com\/en\/produit\/brief-presented-to-the-assistant-deputy-ministers-office-direction-generale-des-politiques-familiales-ministere-de-lemploi-de-la-solidarite-sociale-et-de-la-famille-by-the-assembly-of-first-natio\/#breadcrumb\"},\"inLanguage\":\"en-US\",\"potentialAction\":[{\"@type\":\"ReadAction\",\"target\":[\"https:\/\/cssspnql.com\/en\/produit\/brief-presented-to-the-assistant-deputy-ministers-office-direction-generale-des-politiques-familiales-ministere-de-lemploi-de-la-solidarite-sociale-et-de-la-famille-by-the-assembly-of-first-natio\/\"]}]},{\"@type\":\"ImageObject\",\"inLanguage\":\"en-US\",\"@id\":\"https:\/\/cssspnql.com\/en\/produit\/brief-presented-to-the-assistant-deputy-ministers-office-direction-generale-des-politiques-familiales-ministere-de-lemploi-de-la-solidarite-sociale-et-de-la-famille-by-the-assembly-of-first-natio\/#primaryimage\",\"url\":\"https:\/\/cssspnql.com\/wp-content\/uploads\/2022\/10\/c0425.png\",\"contentUrl\":\"https:\/\/cssspnql.com\/wp-content\/uploads\/2022\/10\/c0425.png\",\"width\":596,\"height\":730},{\"@type\":\"BreadcrumbList\",\"@id\":\"https:\/\/cssspnql.com\/en\/produit\/brief-presented-to-the-assistant-deputy-ministers-office-direction-generale-des-politiques-familiales-ministere-de-lemploi-de-la-solidarite-sociale-et-de-la-famille-by-the-assembly-of-first-natio\/#breadcrumb\",\"itemListElement\":[{\"@type\":\"ListItem\",\"position\":1,\"name\":\"Home\",\"item\":\"https:\/\/cssspnql.com\/en\/\"},{\"@type\":\"ListItem\",\"position\":2,\"name\":\"Documentation centre\",\"item\":\"https:\/\/cssspnql.com\/en\/documentation-centre\/\"},{\"@type\":\"ListItem\",\"position\":3,\"name\":\"Other\",\"item\":\"https:\/\/cssspnql.com\/en\/categorie-produit\/other-en\/\"},{\"@type\":\"ListItem\",\"position\":4,\"name\":\"Brief Presented to the Assistant Deputy Minister&rsquo;s Office, Direction g\u00e9n\u00e9rale des politiques familiales, Minist\u00e8re de l&rsquo;Emploi, de la Solidarit\u00e9 sociale et de la Famille by The Assembly of First Nations of Quebec and Labrador and First Nations of Quebec and Labrador Health and Social Services Commission\"}]},{\"@type\":\"WebSite\",\"@id\":\"https:\/\/cssspnql.com\/en\/#website\",\"url\":\"https:\/\/cssspnql.com\/en\/\",\"name\":\"CSSSPNQL\",\"description\":\"\",\"potentialAction\":[{\"@type\":\"SearchAction\",\"target\":{\"@type\":\"EntryPoint\",\"urlTemplate\":\"https:\/\/cssspnql.com\/en\/?s={search_term_string}\"},\"query-input\":{\"@type\":\"PropertyValueSpecification\",\"valueRequired\":true,\"valueName\":\"search_term_string\"}}],\"inLanguage\":\"en-US\"}]}<\/script>\n<!-- \/ Yoast SEO plugin. -->","yoast_head_json":{"title":"Brief Presented to the Assistant Deputy Minister's Office, Direction g\u00e9n\u00e9rale des politiques familiales, Minist\u00e8re de l'Emploi, de la Solidarit\u00e9 sociale et de la Famille by The Assembly of First Nations of Quebec and Labrador and First Nations of Quebec and Labrador Health and Social Services Commission - CSSSPNQL","robots":{"index":"index","follow":"follow","max-snippet":"max-snippet:-1","max-image-preview":"max-image-preview:large","max-video-preview":"max-video-preview:-1"},"canonical":"https:\/\/cssspnql.com\/en\/produit\/brief-presented-to-the-assistant-deputy-ministers-office-direction-generale-des-politiques-familiales-ministere-de-lemploi-de-la-solidarite-sociale-et-de-la-famille-by-the-assembly-of-first-natio\/","og_locale":"en_US","og_type":"article","og_title":"Brief Presented to the Assistant Deputy Minister's Office, Direction g\u00e9n\u00e9rale des politiques familiales, Minist\u00e8re de l'Emploi, de la Solidarit\u00e9 sociale et de la Famille by The Assembly of First Nations of Quebec and Labrador and First Nations of Quebec and Labrador Health and Social Services Commission - CSSSPNQL","og_description":"Num\u00e9ro d'article: C0425","og_url":"https:\/\/cssspnql.com\/en\/produit\/brief-presented-to-the-assistant-deputy-ministers-office-direction-generale-des-politiques-familiales-ministere-de-lemploi-de-la-solidarite-sociale-et-de-la-famille-by-the-assembly-of-first-natio\/","og_site_name":"CSSSPNQL","article_modified_time":"2022-11-16T20:01:48+00:00","og_image":[{"width":596,"height":730,"url":"https:\/\/cssspnql.com\/wp-content\/uploads\/2022\/10\/c0425.png","type":"image\/png"}],"twitter_card":"summary_large_image","twitter_misc":{"Est. reading time":"1 minute"},"schema":{"@context":"https:\/\/schema.org","@graph":[{"@type":"WebPage","@id":"https:\/\/cssspnql.com\/en\/produit\/brief-presented-to-the-assistant-deputy-ministers-office-direction-generale-des-politiques-familiales-ministere-de-lemploi-de-la-solidarite-sociale-et-de-la-famille-by-the-assembly-of-first-natio\/","url":"https:\/\/cssspnql.com\/en\/produit\/brief-presented-to-the-assistant-deputy-ministers-office-direction-generale-des-politiques-familiales-ministere-de-lemploi-de-la-solidarite-sociale-et-de-la-famille-by-the-assembly-of-first-natio\/","name":"Brief Presented to the Assistant Deputy Minister's Office, Direction g\u00e9n\u00e9rale des politiques familiales, Minist\u00e8re de l'Emploi, de la Solidarit\u00e9 sociale et de la Famille by The Assembly of First Nations of Quebec and Labrador and First Nations of Quebec and Labrador Health and Social Services Commission - CSSSPNQL","isPartOf":{"@id":"https:\/\/cssspnql.com\/en\/#website"},"primaryImageOfPage":{"@id":"https:\/\/cssspnql.com\/en\/produit\/brief-presented-to-the-assistant-deputy-ministers-office-direction-generale-des-politiques-familiales-ministere-de-lemploi-de-la-solidarite-sociale-et-de-la-famille-by-the-assembly-of-first-natio\/#primaryimage"},"image":{"@id":"https:\/\/cssspnql.com\/en\/produit\/brief-presented-to-the-assistant-deputy-ministers-office-direction-generale-des-politiques-familiales-ministere-de-lemploi-de-la-solidarite-sociale-et-de-la-famille-by-the-assembly-of-first-natio\/#primaryimage"},"thumbnailUrl":"https:\/\/cssspnql.com\/wp-content\/uploads\/2022\/10\/c0425.png","datePublished":"2022-10-24T19:02:09+00:00","dateModified":"2022-11-16T20:01:48+00:00","breadcrumb":{"@id":"https:\/\/cssspnql.com\/en\/produit\/brief-presented-to-the-assistant-deputy-ministers-office-direction-generale-des-politiques-familiales-ministere-de-lemploi-de-la-solidarite-sociale-et-de-la-famille-by-the-assembly-of-first-natio\/#breadcrumb"},"inLanguage":"en-US","potentialAction":[{"@type":"ReadAction","target":["https:\/\/cssspnql.com\/en\/produit\/brief-presented-to-the-assistant-deputy-ministers-office-direction-generale-des-politiques-familiales-ministere-de-lemploi-de-la-solidarite-sociale-et-de-la-famille-by-the-assembly-of-first-natio\/"]}]},{"@type":"ImageObject","inLanguage":"en-US","@id":"https:\/\/cssspnql.com\/en\/produit\/brief-presented-to-the-assistant-deputy-ministers-office-direction-generale-des-politiques-familiales-ministere-de-lemploi-de-la-solidarite-sociale-et-de-la-famille-by-the-assembly-of-first-natio\/#primaryimage","url":"https:\/\/cssspnql.com\/wp-content\/uploads\/2022\/10\/c0425.png","contentUrl":"https:\/\/cssspnql.com\/wp-content\/uploads\/2022\/10\/c0425.png","width":596,"height":730},{"@type":"BreadcrumbList","@id":"https:\/\/cssspnql.com\/en\/produit\/brief-presented-to-the-assistant-deputy-ministers-office-direction-generale-des-politiques-familiales-ministere-de-lemploi-de-la-solidarite-sociale-et-de-la-famille-by-the-assembly-of-first-natio\/#breadcrumb","itemListElement":[{"@type":"ListItem","position":1,"name":"Home","item":"https:\/\/cssspnql.com\/en\/"},{"@type":"ListItem","position":2,"name":"Documentation centre","item":"https:\/\/cssspnql.com\/en\/documentation-centre\/"},{"@type":"ListItem","position":3,"name":"Other","item":"https:\/\/cssspnql.com\/en\/categorie-produit\/other-en\/"},{"@type":"ListItem","position":4,"name":"Brief Presented to the Assistant Deputy Minister&rsquo;s Office, Direction g\u00e9n\u00e9rale des politiques familiales, Minist\u00e8re de l&rsquo;Emploi, de la Solidarit\u00e9 sociale et de la Famille by The Assembly of First Nations of Quebec and Labrador and First Nations of Quebec and Labrador Health and Social Services Commission"}]},{"@type":"WebSite","@id":"https:\/\/cssspnql.com\/en\/#website","url":"https:\/\/cssspnql.com\/en\/","name":"CSSSPNQL","description":"","potentialAction":[{"@type":"SearchAction","target":{"@type":"EntryPoint","urlTemplate":"https:\/\/cssspnql.com\/en\/?s={search_term_string}"},"query-input":{"@type":"PropertyValueSpecification","valueRequired":true,"valueName":"search_term_string"}}],"inLanguage":"en-US"}]}},"_links":{"self":[{"href":"https:\/\/cssspnql.com\/en\/wp-json\/wp\/v2\/product\/11627","targetHints":{"allow":["GET"]}}],"collection":[{"href":"https:\/\/cssspnql.com\/en\/wp-json\/wp\/v2\/product"}],"about":[{"href":"https:\/\/cssspnql.com\/en\/wp-json\/wp\/v2\/types\/product"}],"wp:featuredmedia":[{"embeddable":true,"href":"https:\/\/cssspnql.com\/en\/wp-json\/wp\/v2\/media\/19257"}],"wp:attachment":[{"href":"https:\/\/cssspnql.com\/en\/wp-json\/wp\/v2\/media?parent=11627"}],"wp:term":[{"taxonomy":"product_brand","embeddable":true,"href":"https:\/\/cssspnql.com\/en\/wp-json\/wp\/v2\/product_brand?post=11627"},{"taxonomy":"product_cat","embeddable":true,"href":"https:\/\/cssspnql.com\/en\/wp-json\/wp\/v2\/product_cat?post=11627"},{"taxonomy":"product_tag","embeddable":true,"href":"https:\/\/cssspnql.com\/en\/wp-json\/wp\/v2\/product_tag?post=11627"}],"curies":[{"name":"wp","href":"https:\/\/api.w.org\/{rel}","templated":true}]}}