{"id":11656,"date":"2015-10-21T15:25:07","date_gmt":"2022-10-24T19:02:16","guid":{"rendered":"https:\/\/cssspnql.com\/produit\/evaluation-of-the-project-supporting-the-development-of-collaboration-agreements-in-mental-heatlh-and-addictions-between-first-nations-communities-and-health-and-social-services-centers-cssss\/"},"modified":"2023-06-05T14:12:25","modified_gmt":"2023-06-05T18:12:25","slug":"evaluation-of-the-project-supporting-the-development-of-collaboration-agreements-in-mental-heatlh-and-addictions-between-first-nations-communities-and-health-and-social-services-centers-cssss","status":"publish","type":"product","link":"https:\/\/cssspnql.com\/en\/produit\/evaluation-of-the-project-supporting-the-development-of-collaboration-agreements-in-mental-heatlh-and-addictions-between-first-nations-communities-and-health-and-social-services-centers-cssss\/","title":{"rendered":"Evaluation of the Project supporting the development of collaboration agreements in mental heatlh and addictions between first nations communities and health and social services centers (CSSSs)"},"content":{"rendered":"<p>The disparities between the state of health of the First Nations and that of all Quebecers are of grave concern. The extent of mental health problems and related issues\u2014suicide, substance abuse, violence, etc.\u2014is equally so. The Quebec First Nations Regional Health Survey 2008 (RHS) in particular revealed that 26.4% of First Nations adults have considered suicide during their lifetime and more than one quarter of adults have an elevated level of psychological distress according to the Kessler scale (K10). It<br \/>\nshould also be noted that 84.3% of adults identify alcoholism and substance abuse as the main difficulty that their community faces (FNQLHSSC, 2012).<br \/>\nIn response to this situation, an immediate, collaborative and structured action was initiated, but still needs to be consolidated to achieve sustainable outcomes in First Nations communities. In 2011, the report on Development of a Mental Health Service Organization Model Among the First Nations of Quebec, a project funded by the AHTF, found that the comorbidity between mental health problems and addictions is rising and is a major concern of interveners working in the communities (FNQLHSSC, 2011a). Along these lines, an initiative to improve the continuum of mental health and addiction services was initiated by the Working Committee on Mental Health and Addictions for the Implementation of Protocols Related to Service Trajectories between the CSSSs and non-Treaty Aboriginal Communities of Quebec,3 consisting of representatives of the First Nations of Quebec and Labrador Health and Social Services Commission (FNQLHSSC), the Minist\u00e8re de la Sant\u00e9 et des Services sociaux du Qu\u00e9bec (MSSS) and Health Canada. This committee has worked to develop a model collaboration agreement to support improved partnerships between health and social services centres (CSSSs) of the Quebec network and health centres in First Nations communities.<\/p>\n","protected":false},"excerpt":{"rendered":"<p>C0485<\/p>\n","protected":false},"featured_media":12833,"template":"","meta":{"_acf_changed":false},"product_brand":[],"product_cat":[302],"product_tag":[],"class_list":{"0":"post-11656","1":"product","2":"type-product","3":"status-publish","4":"has-post-thumbnail","6":"product_cat-fnqlhssc","7":"pa_auteurs-first-nations-of-quebec-and-labrador-health-and-social-services-commission-fnqlhssc-en","8":"pa_document-type-digital","9":"pa_type-de-document-digital","11":"first","12":"instock","13":"product-type-simple"},"acf":[],"yoast_head":"<!-- This site is optimized with the Yoast SEO plugin v27.1.1 - https:\/\/yoast.com\/product\/yoast-seo-wordpress\/ -->\n<title>Evaluation of the Project supporting the development of collaboration agreements in mental heatlh and addictions between first nations communities and health and social services centers (CSSSs) - CSSSPNQL<\/title>\n<meta name=\"robots\" content=\"index, follow, max-snippet:-1, max-image-preview:large, max-video-preview:-1\" \/>\n<link rel=\"canonical\" href=\"https:\/\/cssspnql.com\/en\/produit\/evaluation-of-the-project-supporting-the-development-of-collaboration-agreements-in-mental-heatlh-and-addictions-between-first-nations-communities-and-health-and-social-services-centers-cssss\/\" \/>\n<meta property=\"og:locale\" content=\"en_US\" \/>\n<meta property=\"og:type\" content=\"article\" \/>\n<meta property=\"og:title\" content=\"Evaluation of the Project supporting the development of collaboration agreements in mental heatlh and addictions between first nations communities and health and social services centers (CSSSs) - CSSSPNQL\" \/>\n<meta property=\"og:description\" content=\"C0485\" \/>\n<meta property=\"og:url\" content=\"https:\/\/cssspnql.com\/en\/produit\/evaluation-of-the-project-supporting-the-development-of-collaboration-agreements-in-mental-heatlh-and-addictions-between-first-nations-communities-and-health-and-social-services-centers-cssss\/\" \/>\n<meta property=\"og:site_name\" content=\"CSSSPNQL\" \/>\n<meta property=\"article:modified_time\" content=\"2023-06-05T18:12:25+00:00\" \/>\n<meta property=\"og:image\" content=\"https:\/\/cssspnql.com\/wp-content\/uploads\/2022\/11\/C0485-E.jpg\" \/>\n\t<meta property=\"og:image:width\" content=\"800\" \/>\n\t<meta property=\"og:image:height\" content=\"800\" \/>\n\t<meta property=\"og:image:type\" content=\"image\/jpeg\" \/>\n<meta name=\"twitter:card\" content=\"summary_large_image\" \/>\n<meta name=\"twitter:label1\" content=\"Est. reading time\" \/>\n\t<meta name=\"twitter:data1\" content=\"2 minutes\" \/>\n<script type=\"application\/ld+json\" class=\"yoast-schema-graph\">{\"@context\":\"https:\/\/schema.org\",\"@graph\":[{\"@type\":\"WebPage\",\"@id\":\"https:\/\/cssspnql.com\/en\/produit\/evaluation-of-the-project-supporting-the-development-of-collaboration-agreements-in-mental-heatlh-and-addictions-between-first-nations-communities-and-health-and-social-services-centers-cssss\/\",\"url\":\"https:\/\/cssspnql.com\/en\/produit\/evaluation-of-the-project-supporting-the-development-of-collaboration-agreements-in-mental-heatlh-and-addictions-between-first-nations-communities-and-health-and-social-services-centers-cssss\/\",\"name\":\"Evaluation of the Project supporting the development of collaboration agreements in mental heatlh and addictions between first nations communities and health and social services centers (CSSSs) - CSSSPNQL\",\"isPartOf\":{\"@id\":\"https:\/\/cssspnql.com\/en\/#website\"},\"primaryImageOfPage\":{\"@id\":\"https:\/\/cssspnql.com\/en\/produit\/evaluation-of-the-project-supporting-the-development-of-collaboration-agreements-in-mental-heatlh-and-addictions-between-first-nations-communities-and-health-and-social-services-centers-cssss\/#primaryimage\"},\"image\":{\"@id\":\"https:\/\/cssspnql.com\/en\/produit\/evaluation-of-the-project-supporting-the-development-of-collaboration-agreements-in-mental-heatlh-and-addictions-between-first-nations-communities-and-health-and-social-services-centers-cssss\/#primaryimage\"},\"thumbnailUrl\":\"https:\/\/cssspnql.com\/wp-content\/uploads\/2022\/11\/C0485-E.jpg\",\"datePublished\":\"2022-10-24T19:02:16+00:00\",\"dateModified\":\"2023-06-05T18:12:25+00:00\",\"breadcrumb\":{\"@id\":\"https:\/\/cssspnql.com\/en\/produit\/evaluation-of-the-project-supporting-the-development-of-collaboration-agreements-in-mental-heatlh-and-addictions-between-first-nations-communities-and-health-and-social-services-centers-cssss\/#breadcrumb\"},\"inLanguage\":\"en-US\",\"potentialAction\":[{\"@type\":\"ReadAction\",\"target\":[\"https:\/\/cssspnql.com\/en\/produit\/evaluation-of-the-project-supporting-the-development-of-collaboration-agreements-in-mental-heatlh-and-addictions-between-first-nations-communities-and-health-and-social-services-centers-cssss\/\"]}]},{\"@type\":\"ImageObject\",\"inLanguage\":\"en-US\",\"@id\":\"https:\/\/cssspnql.com\/en\/produit\/evaluation-of-the-project-supporting-the-development-of-collaboration-agreements-in-mental-heatlh-and-addictions-between-first-nations-communities-and-health-and-social-services-centers-cssss\/#primaryimage\",\"url\":\"https:\/\/cssspnql.com\/wp-content\/uploads\/2022\/11\/C0485-E.jpg\",\"contentUrl\":\"https:\/\/cssspnql.com\/wp-content\/uploads\/2022\/11\/C0485-E.jpg\",\"width\":800,\"height\":800},{\"@type\":\"BreadcrumbList\",\"@id\":\"https:\/\/cssspnql.com\/en\/produit\/evaluation-of-the-project-supporting-the-development-of-collaboration-agreements-in-mental-heatlh-and-addictions-between-first-nations-communities-and-health-and-social-services-centers-cssss\/#breadcrumb\",\"itemListElement\":[{\"@type\":\"ListItem\",\"position\":1,\"name\":\"Home\",\"item\":\"https:\/\/cssspnql.com\/en\/\"},{\"@type\":\"ListItem\",\"position\":2,\"name\":\"Documentation centre\",\"item\":\"https:\/\/cssspnql.com\/en\/documentation-centre\/\"},{\"@type\":\"ListItem\",\"position\":3,\"name\":\"FNQLHSSC\",\"item\":\"https:\/\/cssspnql.com\/en\/categorie-produit\/fnqlhssc\/\"},{\"@type\":\"ListItem\",\"position\":4,\"name\":\"Evaluation of the Project supporting the development of collaboration agreements in mental heatlh and addictions between first nations communities and health and social services centers (CSSSs)\"}]},{\"@type\":\"WebSite\",\"@id\":\"https:\/\/cssspnql.com\/en\/#website\",\"url\":\"https:\/\/cssspnql.com\/en\/\",\"name\":\"CSSSPNQL\",\"description\":\"\",\"potentialAction\":[{\"@type\":\"SearchAction\",\"target\":{\"@type\":\"EntryPoint\",\"urlTemplate\":\"https:\/\/cssspnql.com\/en\/?s={search_term_string}\"},\"query-input\":{\"@type\":\"PropertyValueSpecification\",\"valueRequired\":true,\"valueName\":\"search_term_string\"}}],\"inLanguage\":\"en-US\"}]}<\/script>\n<!-- \/ Yoast SEO plugin. -->","yoast_head_json":{"title":"Evaluation of the Project supporting the development of collaboration agreements in mental heatlh and addictions between first nations communities and health and social services centers (CSSSs) - CSSSPNQL","robots":{"index":"index","follow":"follow","max-snippet":"max-snippet:-1","max-image-preview":"max-image-preview:large","max-video-preview":"max-video-preview:-1"},"canonical":"https:\/\/cssspnql.com\/en\/produit\/evaluation-of-the-project-supporting-the-development-of-collaboration-agreements-in-mental-heatlh-and-addictions-between-first-nations-communities-and-health-and-social-services-centers-cssss\/","og_locale":"en_US","og_type":"article","og_title":"Evaluation of the Project supporting the development of collaboration agreements in mental heatlh and addictions between first nations communities and health and social services centers (CSSSs) - CSSSPNQL","og_description":"C0485","og_url":"https:\/\/cssspnql.com\/en\/produit\/evaluation-of-the-project-supporting-the-development-of-collaboration-agreements-in-mental-heatlh-and-addictions-between-first-nations-communities-and-health-and-social-services-centers-cssss\/","og_site_name":"CSSSPNQL","article_modified_time":"2023-06-05T18:12:25+00:00","og_image":[{"width":800,"height":800,"url":"https:\/\/cssspnql.com\/wp-content\/uploads\/2022\/11\/C0485-E.jpg","type":"image\/jpeg"}],"twitter_card":"summary_large_image","twitter_misc":{"Est. reading time":"2 minutes"},"schema":{"@context":"https:\/\/schema.org","@graph":[{"@type":"WebPage","@id":"https:\/\/cssspnql.com\/en\/produit\/evaluation-of-the-project-supporting-the-development-of-collaboration-agreements-in-mental-heatlh-and-addictions-between-first-nations-communities-and-health-and-social-services-centers-cssss\/","url":"https:\/\/cssspnql.com\/en\/produit\/evaluation-of-the-project-supporting-the-development-of-collaboration-agreements-in-mental-heatlh-and-addictions-between-first-nations-communities-and-health-and-social-services-centers-cssss\/","name":"Evaluation of the Project supporting the development of collaboration agreements in mental heatlh and addictions between first nations communities and health and social services centers (CSSSs) - CSSSPNQL","isPartOf":{"@id":"https:\/\/cssspnql.com\/en\/#website"},"primaryImageOfPage":{"@id":"https:\/\/cssspnql.com\/en\/produit\/evaluation-of-the-project-supporting-the-development-of-collaboration-agreements-in-mental-heatlh-and-addictions-between-first-nations-communities-and-health-and-social-services-centers-cssss\/#primaryimage"},"image":{"@id":"https:\/\/cssspnql.com\/en\/produit\/evaluation-of-the-project-supporting-the-development-of-collaboration-agreements-in-mental-heatlh-and-addictions-between-first-nations-communities-and-health-and-social-services-centers-cssss\/#primaryimage"},"thumbnailUrl":"https:\/\/cssspnql.com\/wp-content\/uploads\/2022\/11\/C0485-E.jpg","datePublished":"2022-10-24T19:02:16+00:00","dateModified":"2023-06-05T18:12:25+00:00","breadcrumb":{"@id":"https:\/\/cssspnql.com\/en\/produit\/evaluation-of-the-project-supporting-the-development-of-collaboration-agreements-in-mental-heatlh-and-addictions-between-first-nations-communities-and-health-and-social-services-centers-cssss\/#breadcrumb"},"inLanguage":"en-US","potentialAction":[{"@type":"ReadAction","target":["https:\/\/cssspnql.com\/en\/produit\/evaluation-of-the-project-supporting-the-development-of-collaboration-agreements-in-mental-heatlh-and-addictions-between-first-nations-communities-and-health-and-social-services-centers-cssss\/"]}]},{"@type":"ImageObject","inLanguage":"en-US","@id":"https:\/\/cssspnql.com\/en\/produit\/evaluation-of-the-project-supporting-the-development-of-collaboration-agreements-in-mental-heatlh-and-addictions-between-first-nations-communities-and-health-and-social-services-centers-cssss\/#primaryimage","url":"https:\/\/cssspnql.com\/wp-content\/uploads\/2022\/11\/C0485-E.jpg","contentUrl":"https:\/\/cssspnql.com\/wp-content\/uploads\/2022\/11\/C0485-E.jpg","width":800,"height":800},{"@type":"BreadcrumbList","@id":"https:\/\/cssspnql.com\/en\/produit\/evaluation-of-the-project-supporting-the-development-of-collaboration-agreements-in-mental-heatlh-and-addictions-between-first-nations-communities-and-health-and-social-services-centers-cssss\/#breadcrumb","itemListElement":[{"@type":"ListItem","position":1,"name":"Home","item":"https:\/\/cssspnql.com\/en\/"},{"@type":"ListItem","position":2,"name":"Documentation centre","item":"https:\/\/cssspnql.com\/en\/documentation-centre\/"},{"@type":"ListItem","position":3,"name":"FNQLHSSC","item":"https:\/\/cssspnql.com\/en\/categorie-produit\/fnqlhssc\/"},{"@type":"ListItem","position":4,"name":"Evaluation of the Project supporting the development of collaboration agreements in mental heatlh and addictions between first nations communities and health and social services centers (CSSSs)"}]},{"@type":"WebSite","@id":"https:\/\/cssspnql.com\/en\/#website","url":"https:\/\/cssspnql.com\/en\/","name":"CSSSPNQL","description":"","potentialAction":[{"@type":"SearchAction","target":{"@type":"EntryPoint","urlTemplate":"https:\/\/cssspnql.com\/en\/?s={search_term_string}"},"query-input":{"@type":"PropertyValueSpecification","valueRequired":true,"valueName":"search_term_string"}}],"inLanguage":"en-US"}]}},"_links":{"self":[{"href":"https:\/\/cssspnql.com\/en\/wp-json\/wp\/v2\/product\/11656","targetHints":{"allow":["GET"]}}],"collection":[{"href":"https:\/\/cssspnql.com\/en\/wp-json\/wp\/v2\/product"}],"about":[{"href":"https:\/\/cssspnql.com\/en\/wp-json\/wp\/v2\/types\/product"}],"wp:featuredmedia":[{"embeddable":true,"href":"https:\/\/cssspnql.com\/en\/wp-json\/wp\/v2\/media\/12833"}],"wp:attachment":[{"href":"https:\/\/cssspnql.com\/en\/wp-json\/wp\/v2\/media?parent=11656"}],"wp:term":[{"taxonomy":"product_brand","embeddable":true,"href":"https:\/\/cssspnql.com\/en\/wp-json\/wp\/v2\/product_brand?post=11656"},{"taxonomy":"product_cat","embeddable":true,"href":"https:\/\/cssspnql.com\/en\/wp-json\/wp\/v2\/product_cat?post=11656"},{"taxonomy":"product_tag","embeddable":true,"href":"https:\/\/cssspnql.com\/en\/wp-json\/wp\/v2\/product_tag?post=11656"}],"curies":[{"name":"wp","href":"https:\/\/api.w.org\/{rel}","templated":true}]}}