{"id":11727,"date":"2018-10-21T15:25:45","date_gmt":"2022-10-24T19:02:45","guid":{"rendered":"https:\/\/cssspnql.com\/produit\/joint-brief-the-legalization-of-cannabis-a-subject-that-concerns-us-all-bill-157-an-act-to-constitute-the-societe-quebecoise-du-cannabis-to-enact-the-cannabis-regulation-act-and-to-amend-va\/"},"modified":"2023-04-11T11:40:05","modified_gmt":"2023-04-11T15:40:05","slug":"joint-brief-the-legalization-of-cannabis-a-subject-that-concerns-us-all-bill-157-an-act-to-constitute-the-societe-quebecoise-du-cannabis-to-enact-the-cannabis-regulation-act-and-to-amend-va","status":"publish","type":"product","link":"https:\/\/cssspnql.com\/en\/produit\/joint-brief-the-legalization-of-cannabis-a-subject-that-concerns-us-all-bill-157-an-act-to-constitute-the-societe-quebecoise-du-cannabis-to-enact-the-cannabis-regulation-act-and-to-amend-va\/","title":{"rendered":"Joint Brief &#8211; The legalization of cannabis: a subject that concerns us all&#8230; Bill 157 &#8211; An Act to constitute the Soci\u00e9t\u00e9 qu\u00e9b\u00e9coise du cannabis, to enact the Cannabis Regulation Act and to amend various highway safety-related provisions"},"content":{"rendered":"<p>The brief outlines the impacts of Bill 157 on First Nations in Quebec and the need for a prevention strategy developed for and by First Nations to raise awareness, educate, inform and reduce the negative impacts of cannabis among youth and families. It also provides recommendations that are complementary to those issued in the brief submitted in September 2017 on the same topic.<\/p>\n","protected":false},"excerpt":{"rendered":"<p>C0608<\/p>\n","protected":false},"featured_media":11066,"template":"","meta":{"_acf_changed":false},"product_brand":[],"product_cat":[330,328],"product_tag":[],"class_list":{"0":"post-11727","1":"product","2":"type-product","3":"status-publish","4":"has-post-thumbnail","6":"product_cat-addiction-control","7":"product_cat-psychosocial-support","8":"pa_auteurs-assembly-of-first-nations-quebec-and-labrador-afnql","9":"pa_auteurs-first-nations-of-quebec-and-labrador-health-and-social-services-commission-fnqlhssc-en","10":"pa_sujet-catalogue-of-publications","11":"pa_type-de-document-digital","13":"first","14":"instock","15":"product-type-simple"},"acf":[],"yoast_head":"<!-- This site is optimized with the Yoast SEO plugin v27.1.1 - https:\/\/yoast.com\/product\/yoast-seo-wordpress\/ -->\n<title>Joint Brief - The legalization of cannabis: a subject that concerns us all... Bill 157 - An Act to constitute the Soci\u00e9t\u00e9 qu\u00e9b\u00e9coise du cannabis, to enact the Cannabis Regulation Act and to amend various highway safety-related provisions - CSSSPNQL<\/title>\n<meta name=\"robots\" content=\"index, follow, max-snippet:-1, max-image-preview:large, max-video-preview:-1\" \/>\n<link rel=\"canonical\" href=\"https:\/\/cssspnql.com\/en\/produit\/joint-brief-the-legalization-of-cannabis-a-subject-that-concerns-us-all-bill-157-an-act-to-constitute-the-societe-quebecoise-du-cannabis-to-enact-the-cannabis-regulation-act-and-to-amend-va\/\" \/>\n<meta property=\"og:locale\" content=\"en_US\" \/>\n<meta property=\"og:type\" content=\"article\" \/>\n<meta property=\"og:title\" content=\"Joint Brief - The legalization of cannabis: a subject that concerns us all... Bill 157 - An Act to constitute the Soci\u00e9t\u00e9 qu\u00e9b\u00e9coise du cannabis, to enact the Cannabis Regulation Act and to amend various highway safety-related provisions - CSSSPNQL\" \/>\n<meta property=\"og:description\" content=\"C0608\" \/>\n<meta property=\"og:url\" content=\"https:\/\/cssspnql.com\/en\/produit\/joint-brief-the-legalization-of-cannabis-a-subject-that-concerns-us-all-bill-157-an-act-to-constitute-the-societe-quebecoise-du-cannabis-to-enact-the-cannabis-regulation-act-and-to-amend-va\/\" \/>\n<meta property=\"og:site_name\" content=\"CSSSPNQL\" \/>\n<meta property=\"article:modified_time\" content=\"2023-04-11T15:40:05+00:00\" \/>\n<meta property=\"og:image\" content=\"https:\/\/cssspnql.com\/wp-content\/uploads\/2022\/10\/C0608-E.jpg\" \/>\n\t<meta property=\"og:image:width\" content=\"800\" \/>\n\t<meta property=\"og:image:height\" content=\"800\" \/>\n\t<meta property=\"og:image:type\" content=\"image\/jpeg\" \/>\n<meta name=\"twitter:card\" content=\"summary_large_image\" \/>\n<meta name=\"twitter:label1\" content=\"Est. reading time\" \/>\n\t<meta name=\"twitter:data1\" content=\"1 minute\" \/>\n<script type=\"application\/ld+json\" class=\"yoast-schema-graph\">{\"@context\":\"https:\/\/schema.org\",\"@graph\":[{\"@type\":\"WebPage\",\"@id\":\"https:\/\/cssspnql.com\/en\/produit\/joint-brief-the-legalization-of-cannabis-a-subject-that-concerns-us-all-bill-157-an-act-to-constitute-the-societe-quebecoise-du-cannabis-to-enact-the-cannabis-regulation-act-and-to-amend-va\/\",\"url\":\"https:\/\/cssspnql.com\/en\/produit\/joint-brief-the-legalization-of-cannabis-a-subject-that-concerns-us-all-bill-157-an-act-to-constitute-the-societe-quebecoise-du-cannabis-to-enact-the-cannabis-regulation-act-and-to-amend-va\/\",\"name\":\"Joint Brief - The legalization of cannabis: a subject that concerns us all... Bill 157 - An Act to constitute the Soci\u00e9t\u00e9 qu\u00e9b\u00e9coise du cannabis, to enact the Cannabis Regulation Act and to amend various highway safety-related provisions - CSSSPNQL\",\"isPartOf\":{\"@id\":\"https:\/\/cssspnql.com\/en\/#website\"},\"primaryImageOfPage\":{\"@id\":\"https:\/\/cssspnql.com\/en\/produit\/joint-brief-the-legalization-of-cannabis-a-subject-that-concerns-us-all-bill-157-an-act-to-constitute-the-societe-quebecoise-du-cannabis-to-enact-the-cannabis-regulation-act-and-to-amend-va\/#primaryimage\"},\"image\":{\"@id\":\"https:\/\/cssspnql.com\/en\/produit\/joint-brief-the-legalization-of-cannabis-a-subject-that-concerns-us-all-bill-157-an-act-to-constitute-the-societe-quebecoise-du-cannabis-to-enact-the-cannabis-regulation-act-and-to-amend-va\/#primaryimage\"},\"thumbnailUrl\":\"https:\/\/cssspnql.com\/wp-content\/uploads\/2022\/10\/C0608-E.jpg\",\"datePublished\":\"2022-10-24T19:02:45+00:00\",\"dateModified\":\"2023-04-11T15:40:05+00:00\",\"breadcrumb\":{\"@id\":\"https:\/\/cssspnql.com\/en\/produit\/joint-brief-the-legalization-of-cannabis-a-subject-that-concerns-us-all-bill-157-an-act-to-constitute-the-societe-quebecoise-du-cannabis-to-enact-the-cannabis-regulation-act-and-to-amend-va\/#breadcrumb\"},\"inLanguage\":\"en-US\",\"potentialAction\":[{\"@type\":\"ReadAction\",\"target\":[\"https:\/\/cssspnql.com\/en\/produit\/joint-brief-the-legalization-of-cannabis-a-subject-that-concerns-us-all-bill-157-an-act-to-constitute-the-societe-quebecoise-du-cannabis-to-enact-the-cannabis-regulation-act-and-to-amend-va\/\"]}]},{\"@type\":\"ImageObject\",\"inLanguage\":\"en-US\",\"@id\":\"https:\/\/cssspnql.com\/en\/produit\/joint-brief-the-legalization-of-cannabis-a-subject-that-concerns-us-all-bill-157-an-act-to-constitute-the-societe-quebecoise-du-cannabis-to-enact-the-cannabis-regulation-act-and-to-amend-va\/#primaryimage\",\"url\":\"https:\/\/cssspnql.com\/wp-content\/uploads\/2022\/10\/C0608-E.jpg\",\"contentUrl\":\"https:\/\/cssspnql.com\/wp-content\/uploads\/2022\/10\/C0608-E.jpg\",\"width\":800,\"height\":800,\"caption\":\"Joint Brief - The legalization of cannabis : a subject that concerns us all...- Bill 157 - An Act to constitute the Soci\u00e9t\u00e9 qu\u00e9b\u00e9coise du cannabis\"},{\"@type\":\"BreadcrumbList\",\"@id\":\"https:\/\/cssspnql.com\/en\/produit\/joint-brief-the-legalization-of-cannabis-a-subject-that-concerns-us-all-bill-157-an-act-to-constitute-the-societe-quebecoise-du-cannabis-to-enact-the-cannabis-regulation-act-and-to-amend-va\/#breadcrumb\",\"itemListElement\":[{\"@type\":\"ListItem\",\"position\":1,\"name\":\"Home\",\"item\":\"https:\/\/cssspnql.com\/en\/\"},{\"@type\":\"ListItem\",\"position\":2,\"name\":\"Documentation centre\",\"item\":\"https:\/\/cssspnql.com\/en\/documentation-centre\/\"},{\"@type\":\"ListItem\",\"position\":3,\"name\":\"Psychosocial support\",\"item\":\"https:\/\/cssspnql.com\/en\/categorie-produit\/psychosocial-support\/\"},{\"@type\":\"ListItem\",\"position\":4,\"name\":\"Addiction control\",\"item\":\"https:\/\/cssspnql.com\/en\/categorie-produit\/psychosocial-support\/addiction-control\/\"},{\"@type\":\"ListItem\",\"position\":5,\"name\":\"Joint Brief &#8211; The legalization of cannabis: a subject that concerns us all&#8230; Bill 157 &#8211; An Act to constitute the Soci\u00e9t\u00e9 qu\u00e9b\u00e9coise du cannabis, to enact the Cannabis Regulation Act and to amend various highway safety-related provisions\"}]},{\"@type\":\"WebSite\",\"@id\":\"https:\/\/cssspnql.com\/en\/#website\",\"url\":\"https:\/\/cssspnql.com\/en\/\",\"name\":\"CSSSPNQL\",\"description\":\"\",\"potentialAction\":[{\"@type\":\"SearchAction\",\"target\":{\"@type\":\"EntryPoint\",\"urlTemplate\":\"https:\/\/cssspnql.com\/en\/?s={search_term_string}\"},\"query-input\":{\"@type\":\"PropertyValueSpecification\",\"valueRequired\":true,\"valueName\":\"search_term_string\"}}],\"inLanguage\":\"en-US\"}]}<\/script>\n<!-- \/ Yoast SEO plugin. -->","yoast_head_json":{"title":"Joint Brief - The legalization of cannabis: a subject that concerns us all... Bill 157 - An Act to constitute the Soci\u00e9t\u00e9 qu\u00e9b\u00e9coise du cannabis, to enact the Cannabis Regulation Act and to amend various highway safety-related provisions - CSSSPNQL","robots":{"index":"index","follow":"follow","max-snippet":"max-snippet:-1","max-image-preview":"max-image-preview:large","max-video-preview":"max-video-preview:-1"},"canonical":"https:\/\/cssspnql.com\/en\/produit\/joint-brief-the-legalization-of-cannabis-a-subject-that-concerns-us-all-bill-157-an-act-to-constitute-the-societe-quebecoise-du-cannabis-to-enact-the-cannabis-regulation-act-and-to-amend-va\/","og_locale":"en_US","og_type":"article","og_title":"Joint Brief - The legalization of cannabis: a subject that concerns us all... Bill 157 - An Act to constitute the Soci\u00e9t\u00e9 qu\u00e9b\u00e9coise du cannabis, to enact the Cannabis Regulation Act and to amend various highway safety-related provisions - CSSSPNQL","og_description":"C0608","og_url":"https:\/\/cssspnql.com\/en\/produit\/joint-brief-the-legalization-of-cannabis-a-subject-that-concerns-us-all-bill-157-an-act-to-constitute-the-societe-quebecoise-du-cannabis-to-enact-the-cannabis-regulation-act-and-to-amend-va\/","og_site_name":"CSSSPNQL","article_modified_time":"2023-04-11T15:40:05+00:00","og_image":[{"width":800,"height":800,"url":"https:\/\/cssspnql.com\/wp-content\/uploads\/2022\/10\/C0608-E.jpg","type":"image\/jpeg"}],"twitter_card":"summary_large_image","twitter_misc":{"Est. reading time":"1 minute"},"schema":{"@context":"https:\/\/schema.org","@graph":[{"@type":"WebPage","@id":"https:\/\/cssspnql.com\/en\/produit\/joint-brief-the-legalization-of-cannabis-a-subject-that-concerns-us-all-bill-157-an-act-to-constitute-the-societe-quebecoise-du-cannabis-to-enact-the-cannabis-regulation-act-and-to-amend-va\/","url":"https:\/\/cssspnql.com\/en\/produit\/joint-brief-the-legalization-of-cannabis-a-subject-that-concerns-us-all-bill-157-an-act-to-constitute-the-societe-quebecoise-du-cannabis-to-enact-the-cannabis-regulation-act-and-to-amend-va\/","name":"Joint Brief - The legalization of cannabis: a subject that concerns us all... Bill 157 - An Act to constitute the Soci\u00e9t\u00e9 qu\u00e9b\u00e9coise du cannabis, to enact the Cannabis Regulation Act and to amend various highway safety-related provisions - CSSSPNQL","isPartOf":{"@id":"https:\/\/cssspnql.com\/en\/#website"},"primaryImageOfPage":{"@id":"https:\/\/cssspnql.com\/en\/produit\/joint-brief-the-legalization-of-cannabis-a-subject-that-concerns-us-all-bill-157-an-act-to-constitute-the-societe-quebecoise-du-cannabis-to-enact-the-cannabis-regulation-act-and-to-amend-va\/#primaryimage"},"image":{"@id":"https:\/\/cssspnql.com\/en\/produit\/joint-brief-the-legalization-of-cannabis-a-subject-that-concerns-us-all-bill-157-an-act-to-constitute-the-societe-quebecoise-du-cannabis-to-enact-the-cannabis-regulation-act-and-to-amend-va\/#primaryimage"},"thumbnailUrl":"https:\/\/cssspnql.com\/wp-content\/uploads\/2022\/10\/C0608-E.jpg","datePublished":"2022-10-24T19:02:45+00:00","dateModified":"2023-04-11T15:40:05+00:00","breadcrumb":{"@id":"https:\/\/cssspnql.com\/en\/produit\/joint-brief-the-legalization-of-cannabis-a-subject-that-concerns-us-all-bill-157-an-act-to-constitute-the-societe-quebecoise-du-cannabis-to-enact-the-cannabis-regulation-act-and-to-amend-va\/#breadcrumb"},"inLanguage":"en-US","potentialAction":[{"@type":"ReadAction","target":["https:\/\/cssspnql.com\/en\/produit\/joint-brief-the-legalization-of-cannabis-a-subject-that-concerns-us-all-bill-157-an-act-to-constitute-the-societe-quebecoise-du-cannabis-to-enact-the-cannabis-regulation-act-and-to-amend-va\/"]}]},{"@type":"ImageObject","inLanguage":"en-US","@id":"https:\/\/cssspnql.com\/en\/produit\/joint-brief-the-legalization-of-cannabis-a-subject-that-concerns-us-all-bill-157-an-act-to-constitute-the-societe-quebecoise-du-cannabis-to-enact-the-cannabis-regulation-act-and-to-amend-va\/#primaryimage","url":"https:\/\/cssspnql.com\/wp-content\/uploads\/2022\/10\/C0608-E.jpg","contentUrl":"https:\/\/cssspnql.com\/wp-content\/uploads\/2022\/10\/C0608-E.jpg","width":800,"height":800,"caption":"Joint Brief - The legalization of cannabis : a subject that concerns us all...- Bill 157 - An Act to constitute the Soci\u00e9t\u00e9 qu\u00e9b\u00e9coise du cannabis"},{"@type":"BreadcrumbList","@id":"https:\/\/cssspnql.com\/en\/produit\/joint-brief-the-legalization-of-cannabis-a-subject-that-concerns-us-all-bill-157-an-act-to-constitute-the-societe-quebecoise-du-cannabis-to-enact-the-cannabis-regulation-act-and-to-amend-va\/#breadcrumb","itemListElement":[{"@type":"ListItem","position":1,"name":"Home","item":"https:\/\/cssspnql.com\/en\/"},{"@type":"ListItem","position":2,"name":"Documentation centre","item":"https:\/\/cssspnql.com\/en\/documentation-centre\/"},{"@type":"ListItem","position":3,"name":"Psychosocial support","item":"https:\/\/cssspnql.com\/en\/categorie-produit\/psychosocial-support\/"},{"@type":"ListItem","position":4,"name":"Addiction control","item":"https:\/\/cssspnql.com\/en\/categorie-produit\/psychosocial-support\/addiction-control\/"},{"@type":"ListItem","position":5,"name":"Joint Brief &#8211; The legalization of cannabis: a subject that concerns us all&#8230; Bill 157 &#8211; An Act to constitute the Soci\u00e9t\u00e9 qu\u00e9b\u00e9coise du cannabis, to enact the Cannabis Regulation Act and to amend various highway safety-related provisions"}]},{"@type":"WebSite","@id":"https:\/\/cssspnql.com\/en\/#website","url":"https:\/\/cssspnql.com\/en\/","name":"CSSSPNQL","description":"","potentialAction":[{"@type":"SearchAction","target":{"@type":"EntryPoint","urlTemplate":"https:\/\/cssspnql.com\/en\/?s={search_term_string}"},"query-input":{"@type":"PropertyValueSpecification","valueRequired":true,"valueName":"search_term_string"}}],"inLanguage":"en-US"}]}},"_links":{"self":[{"href":"https:\/\/cssspnql.com\/en\/wp-json\/wp\/v2\/product\/11727","targetHints":{"allow":["GET"]}}],"collection":[{"href":"https:\/\/cssspnql.com\/en\/wp-json\/wp\/v2\/product"}],"about":[{"href":"https:\/\/cssspnql.com\/en\/wp-json\/wp\/v2\/types\/product"}],"wp:featuredmedia":[{"embeddable":true,"href":"https:\/\/cssspnql.com\/en\/wp-json\/wp\/v2\/media\/11066"}],"wp:attachment":[{"href":"https:\/\/cssspnql.com\/en\/wp-json\/wp\/v2\/media?parent=11727"}],"wp:term":[{"taxonomy":"product_brand","embeddable":true,"href":"https:\/\/cssspnql.com\/en\/wp-json\/wp\/v2\/product_brand?post=11727"},{"taxonomy":"product_cat","embeddable":true,"href":"https:\/\/cssspnql.com\/en\/wp-json\/wp\/v2\/product_cat?post=11727"},{"taxonomy":"product_tag","embeddable":true,"href":"https:\/\/cssspnql.com\/en\/wp-json\/wp\/v2\/product_tag?post=11727"}],"curies":[{"name":"wp","href":"https:\/\/api.w.org\/{rel}","templated":true}]}}