{"id":11801,"date":"2021-10-21T15:26:27","date_gmt":"2022-10-24T19:03:17","guid":{"rendered":"https:\/\/cssspnql.com\/produit\/kikenindan-english-version\/"},"modified":"2022-11-16T15:02:49","modified_gmt":"2022-11-16T20:02:49","slug":"kikenindan-english-version","status":"publish","type":"product","link":"https:\/\/cssspnql.com\/en\/produit\/kikenindan-english-version\/","title":{"rendered":"Kikenind\u0101n &#8211; English version"},"content":{"rendered":"<p>Le kikenindan, qui signifie savoir en langue algonquine, est une publication mensuelle de la CSSSPNQL qui permet de d\u00e9couvrir nos nouvelles publications, mais \u00e9galement nos publications des derni\u00e8res ann\u00e9es sur divers sujets : la s\u00e9curit\u00e9 de revenu, les services de garde, les habitudes de vie, la sant\u00e9 mentale, la t\u00e9l\u00e9sant\u00e9,  l&#8217;\u00e9tat de sant\u00e9 des Premi\u00e8res Nations et biens plus encore ! Cette publication permet \u00e9galement de d\u00e9couvrir les derni\u00e8res acquisitions du centre de documentation et de savoir les derni\u00e8res nouveaut\u00e9s de l&#8217;APNQL et des COR.  Bonne Lecture !<\/p>\n","protected":false},"excerpt":{"rendered":"<p>Num\u00e9ro d&#8217;article: C0700<\/p>\n","protected":false},"featured_media":13668,"template":"","meta":{"_acf_changed":false},"product_brand":[],"product_cat":[303,302],"product_tag":[],"class_list":{"0":"post-11801","1":"product","2":"type-product","3":"status-publish","4":"has-post-thumbnail","6":"product_cat-administration-en","7":"product_cat-fnqlhssc","8":"pa_auteurs-first-nations-of-quebec-and-labrador-health-and-social-services-commission-fnqlhssc-en","9":"pa_document-type-digital","10":"pa_type-de-document-digital","12":"first","13":"instock","14":"product-type-simple"},"acf":[],"yoast_head":"<!-- This site is optimized with the Yoast SEO plugin v27.1.1 - https:\/\/yoast.com\/product\/yoast-seo-wordpress\/ -->\n<title>Kikenind\u0101n - English version - CSSSPNQL<\/title>\n<meta name=\"robots\" content=\"index, follow, max-snippet:-1, max-image-preview:large, max-video-preview:-1\" \/>\n<link rel=\"canonical\" href=\"https:\/\/cssspnql.com\/en\/produit\/kikenindan-english-version\/\" \/>\n<meta property=\"og:locale\" content=\"en_US\" \/>\n<meta property=\"og:type\" content=\"article\" \/>\n<meta property=\"og:title\" content=\"Kikenind\u0101n - English version - CSSSPNQL\" \/>\n<meta property=\"og:description\" content=\"Num\u00e9ro d&#039;article: C0700\" \/>\n<meta property=\"og:url\" content=\"https:\/\/cssspnql.com\/en\/produit\/kikenindan-english-version\/\" \/>\n<meta property=\"og:site_name\" content=\"CSSSPNQL\" \/>\n<meta property=\"article:modified_time\" content=\"2022-11-16T20:02:49+00:00\" \/>\n<meta name=\"twitter:card\" content=\"summary_large_image\" \/>\n<script type=\"application\/ld+json\" class=\"yoast-schema-graph\">{\"@context\":\"https:\/\/schema.org\",\"@graph\":[{\"@type\":\"WebPage\",\"@id\":\"https:\/\/cssspnql.com\/en\/produit\/kikenindan-english-version\/\",\"url\":\"https:\/\/cssspnql.com\/en\/produit\/kikenindan-english-version\/\",\"name\":\"Kikenind\u0101n - English version - CSSSPNQL\",\"isPartOf\":{\"@id\":\"https:\/\/cssspnql.com\/en\/#website\"},\"primaryImageOfPage\":{\"@id\":\"https:\/\/cssspnql.com\/en\/produit\/kikenindan-english-version\/#primaryimage\"},\"image\":{\"@id\":\"https:\/\/cssspnql.com\/en\/produit\/kikenindan-english-version\/#primaryimage\"},\"thumbnailUrl\":\"https:\/\/cssspnql.com\/wp-content\/uploads\/2022\/10\/C0700.jpg\",\"datePublished\":\"2022-10-24T19:03:17+00:00\",\"dateModified\":\"2022-11-16T20:02:49+00:00\",\"breadcrumb\":{\"@id\":\"https:\/\/cssspnql.com\/en\/produit\/kikenindan-english-version\/#breadcrumb\"},\"inLanguage\":\"en-US\",\"potentialAction\":[{\"@type\":\"ReadAction\",\"target\":[\"https:\/\/cssspnql.com\/en\/produit\/kikenindan-english-version\/\"]}]},{\"@type\":\"ImageObject\",\"inLanguage\":\"en-US\",\"@id\":\"https:\/\/cssspnql.com\/en\/produit\/kikenindan-english-version\/#primaryimage\",\"url\":\"https:\/\/cssspnql.com\/wp-content\/uploads\/2022\/10\/C0700.jpg\",\"contentUrl\":\"https:\/\/cssspnql.com\/wp-content\/uploads\/2022\/10\/C0700.jpg\",\"width\":800,\"height\":800},{\"@type\":\"BreadcrumbList\",\"@id\":\"https:\/\/cssspnql.com\/en\/produit\/kikenindan-english-version\/#breadcrumb\",\"itemListElement\":[{\"@type\":\"ListItem\",\"position\":1,\"name\":\"Home\",\"item\":\"https:\/\/cssspnql.com\/en\/\"},{\"@type\":\"ListItem\",\"position\":2,\"name\":\"Documentation centre\",\"item\":\"https:\/\/cssspnql.com\/en\/documentation-centre\/\"},{\"@type\":\"ListItem\",\"position\":3,\"name\":\"FNQLHSSC\",\"item\":\"https:\/\/cssspnql.com\/en\/categorie-produit\/fnqlhssc\/\"},{\"@type\":\"ListItem\",\"position\":4,\"name\":\"Administration\",\"item\":\"https:\/\/cssspnql.com\/en\/categorie-produit\/fnqlhssc\/administration-en\/\"},{\"@type\":\"ListItem\",\"position\":5,\"name\":\"Kikenind\u0101n &#8211; English version\"}]},{\"@type\":\"WebSite\",\"@id\":\"https:\/\/cssspnql.com\/en\/#website\",\"url\":\"https:\/\/cssspnql.com\/en\/\",\"name\":\"CSSSPNQL\",\"description\":\"\",\"potentialAction\":[{\"@type\":\"SearchAction\",\"target\":{\"@type\":\"EntryPoint\",\"urlTemplate\":\"https:\/\/cssspnql.com\/en\/?s={search_term_string}\"},\"query-input\":{\"@type\":\"PropertyValueSpecification\",\"valueRequired\":true,\"valueName\":\"search_term_string\"}}],\"inLanguage\":\"en-US\"}]}<\/script>\n<!-- \/ Yoast SEO plugin. -->","yoast_head_json":{"title":"Kikenind\u0101n - English version - CSSSPNQL","robots":{"index":"index","follow":"follow","max-snippet":"max-snippet:-1","max-image-preview":"max-image-preview:large","max-video-preview":"max-video-preview:-1"},"canonical":"https:\/\/cssspnql.com\/en\/produit\/kikenindan-english-version\/","og_locale":"en_US","og_type":"article","og_title":"Kikenind\u0101n - English version - CSSSPNQL","og_description":"Num\u00e9ro d'article: C0700","og_url":"https:\/\/cssspnql.com\/en\/produit\/kikenindan-english-version\/","og_site_name":"CSSSPNQL","article_modified_time":"2022-11-16T20:02:49+00:00","twitter_card":"summary_large_image","schema":{"@context":"https:\/\/schema.org","@graph":[{"@type":"WebPage","@id":"https:\/\/cssspnql.com\/en\/produit\/kikenindan-english-version\/","url":"https:\/\/cssspnql.com\/en\/produit\/kikenindan-english-version\/","name":"Kikenind\u0101n - English version - CSSSPNQL","isPartOf":{"@id":"https:\/\/cssspnql.com\/en\/#website"},"primaryImageOfPage":{"@id":"https:\/\/cssspnql.com\/en\/produit\/kikenindan-english-version\/#primaryimage"},"image":{"@id":"https:\/\/cssspnql.com\/en\/produit\/kikenindan-english-version\/#primaryimage"},"thumbnailUrl":"https:\/\/cssspnql.com\/wp-content\/uploads\/2022\/10\/C0700.jpg","datePublished":"2022-10-24T19:03:17+00:00","dateModified":"2022-11-16T20:02:49+00:00","breadcrumb":{"@id":"https:\/\/cssspnql.com\/en\/produit\/kikenindan-english-version\/#breadcrumb"},"inLanguage":"en-US","potentialAction":[{"@type":"ReadAction","target":["https:\/\/cssspnql.com\/en\/produit\/kikenindan-english-version\/"]}]},{"@type":"ImageObject","inLanguage":"en-US","@id":"https:\/\/cssspnql.com\/en\/produit\/kikenindan-english-version\/#primaryimage","url":"https:\/\/cssspnql.com\/wp-content\/uploads\/2022\/10\/C0700.jpg","contentUrl":"https:\/\/cssspnql.com\/wp-content\/uploads\/2022\/10\/C0700.jpg","width":800,"height":800},{"@type":"BreadcrumbList","@id":"https:\/\/cssspnql.com\/en\/produit\/kikenindan-english-version\/#breadcrumb","itemListElement":[{"@type":"ListItem","position":1,"name":"Home","item":"https:\/\/cssspnql.com\/en\/"},{"@type":"ListItem","position":2,"name":"Documentation centre","item":"https:\/\/cssspnql.com\/en\/documentation-centre\/"},{"@type":"ListItem","position":3,"name":"FNQLHSSC","item":"https:\/\/cssspnql.com\/en\/categorie-produit\/fnqlhssc\/"},{"@type":"ListItem","position":4,"name":"Administration","item":"https:\/\/cssspnql.com\/en\/categorie-produit\/fnqlhssc\/administration-en\/"},{"@type":"ListItem","position":5,"name":"Kikenind\u0101n &#8211; English version"}]},{"@type":"WebSite","@id":"https:\/\/cssspnql.com\/en\/#website","url":"https:\/\/cssspnql.com\/en\/","name":"CSSSPNQL","description":"","potentialAction":[{"@type":"SearchAction","target":{"@type":"EntryPoint","urlTemplate":"https:\/\/cssspnql.com\/en\/?s={search_term_string}"},"query-input":{"@type":"PropertyValueSpecification","valueRequired":true,"valueName":"search_term_string"}}],"inLanguage":"en-US"}]}},"_links":{"self":[{"href":"https:\/\/cssspnql.com\/en\/wp-json\/wp\/v2\/product\/11801","targetHints":{"allow":["GET"]}}],"collection":[{"href":"https:\/\/cssspnql.com\/en\/wp-json\/wp\/v2\/product"}],"about":[{"href":"https:\/\/cssspnql.com\/en\/wp-json\/wp\/v2\/types\/product"}],"wp:featuredmedia":[{"embeddable":true,"href":"https:\/\/cssspnql.com\/en\/wp-json\/wp\/v2\/media\/13668"}],"wp:attachment":[{"href":"https:\/\/cssspnql.com\/en\/wp-json\/wp\/v2\/media?parent=11801"}],"wp:term":[{"taxonomy":"product_brand","embeddable":true,"href":"https:\/\/cssspnql.com\/en\/wp-json\/wp\/v2\/product_brand?post=11801"},{"taxonomy":"product_cat","embeddable":true,"href":"https:\/\/cssspnql.com\/en\/wp-json\/wp\/v2\/product_cat?post=11801"},{"taxonomy":"product_tag","embeddable":true,"href":"https:\/\/cssspnql.com\/en\/wp-json\/wp\/v2\/product_tag?post=11801"}],"curies":[{"name":"wp","href":"https:\/\/api.w.org\/{rel}","templated":true}]}}