{"id":11900,"date":"2022-10-21T15:23:25","date_gmt":"2022-10-21T19:23:25","guid":{"rendered":"https:\/\/cssspnql.com\/produit\/les-quatres-savoirs-de-mali-pili-kizos-the-four-insights-from-mali-pili-kizos\/"},"modified":"2022-12-15T09:58:58","modified_gmt":"2022-12-15T14:58:58","slug":"les-quatres-savoirs-de-mali-pili-kizos-the-four-insights-from-mali-pili-kizos","status":"publish","type":"product","link":"https:\/\/cssspnql.com\/en\/produit\/les-quatres-savoirs-de-mali-pili-kizos-the-four-insights-from-mali-pili-kizos\/","title":{"rendered":"The Four Insights from Mali Pili Kizos"},"content":{"rendered":"<p>Les r\u00e9sultats d&#8217;une recherche qui s&#8217;int\u00e9resse \u00e0 la qualit\u00e9 de vie optimale atteinte par douze femmes autochtones ex-pensionnaires apr\u00e8s un long processus de d\u00e9victimisation. Results of a research that is interested in the optimal quality of life attained by twelve native women former students of residential schools after a long process of devictization.<\/p>\n","protected":false},"excerpt":{"rendered":"<p>Num\u00e9ro d&#8217;article: C0122<\/p>\n","protected":false},"featured_media":15036,"template":"","meta":{"_acf_changed":false},"product_brand":[],"product_cat":[2699],"product_tag":[],"class_list":{"0":"post-11900","1":"product","2":"type-product","3":"status-publish","4":"has-post-thumbnail","6":"product_cat-other-en","7":"pa_auteurs-denise-noeel-en","8":"pa_auteurs-femmes-autochtones-du-quebec-en","9":"pa_auteurs-louise-tasse-en","10":"pa_numeros-darticle-c0122-en","11":"pa_sujet-pensionnat-en","12":"pa_type-de-document-printed","14":"first","15":"instock","16":"product-type-simple"},"acf":[],"yoast_head":"<!-- This site is optimized with the Yoast SEO plugin v27.1.1 - https:\/\/yoast.com\/product\/yoast-seo-wordpress\/ -->\n<title>The Four Insights from Mali Pili Kizos - CSSSPNQL<\/title>\n<meta name=\"robots\" content=\"index, follow, max-snippet:-1, max-image-preview:large, max-video-preview:-1\" \/>\n<link rel=\"canonical\" href=\"https:\/\/cssspnql.com\/en\/produit\/les-quatres-savoirs-de-mali-pili-kizos-the-four-insights-from-mali-pili-kizos\/\" \/>\n<meta property=\"og:locale\" content=\"en_US\" \/>\n<meta property=\"og:type\" content=\"article\" \/>\n<meta property=\"og:title\" content=\"The Four Insights from Mali Pili Kizos - CSSSPNQL\" \/>\n<meta property=\"og:description\" content=\"Num\u00e9ro d&#039;article: C0122\" \/>\n<meta property=\"og:url\" content=\"https:\/\/cssspnql.com\/en\/produit\/les-quatres-savoirs-de-mali-pili-kizos-the-four-insights-from-mali-pili-kizos\/\" \/>\n<meta property=\"og:site_name\" content=\"CSSSPNQL\" \/>\n<meta property=\"article:modified_time\" content=\"2022-12-15T14:58:58+00:00\" \/>\n<meta name=\"twitter:card\" content=\"summary_large_image\" \/>\n<meta name=\"twitter:label1\" content=\"Est. reading time\" \/>\n\t<meta name=\"twitter:data1\" content=\"1 minute\" \/>\n<script type=\"application\/ld+json\" class=\"yoast-schema-graph\">{\"@context\":\"https:\/\/schema.org\",\"@graph\":[{\"@type\":\"WebPage\",\"@id\":\"https:\/\/cssspnql.com\/en\/produit\/les-quatres-savoirs-de-mali-pili-kizos-the-four-insights-from-mali-pili-kizos\/\",\"url\":\"https:\/\/cssspnql.com\/en\/produit\/les-quatres-savoirs-de-mali-pili-kizos-the-four-insights-from-mali-pili-kizos\/\",\"name\":\"The Four Insights from Mali Pili Kizos - CSSSPNQL\",\"isPartOf\":{\"@id\":\"https:\/\/cssspnql.com\/en\/#website\"},\"primaryImageOfPage\":{\"@id\":\"https:\/\/cssspnql.com\/en\/produit\/les-quatres-savoirs-de-mali-pili-kizos-the-four-insights-from-mali-pili-kizos\/#primaryimage\"},\"image\":{\"@id\":\"https:\/\/cssspnql.com\/en\/produit\/les-quatres-savoirs-de-mali-pili-kizos-the-four-insights-from-mali-pili-kizos\/#primaryimage\"},\"thumbnailUrl\":\"https:\/\/cssspnql.com\/wp-content\/uploads\/2022\/10\/C0122-F.jpg\",\"datePublished\":\"2022-10-21T19:23:25+00:00\",\"dateModified\":\"2022-12-15T14:58:58+00:00\",\"breadcrumb\":{\"@id\":\"https:\/\/cssspnql.com\/en\/produit\/les-quatres-savoirs-de-mali-pili-kizos-the-four-insights-from-mali-pili-kizos\/#breadcrumb\"},\"inLanguage\":\"en-US\",\"potentialAction\":[{\"@type\":\"ReadAction\",\"target\":[\"https:\/\/cssspnql.com\/en\/produit\/les-quatres-savoirs-de-mali-pili-kizos-the-four-insights-from-mali-pili-kizos\/\"]}]},{\"@type\":\"ImageObject\",\"inLanguage\":\"en-US\",\"@id\":\"https:\/\/cssspnql.com\/en\/produit\/les-quatres-savoirs-de-mali-pili-kizos-the-four-insights-from-mali-pili-kizos\/#primaryimage\",\"url\":\"https:\/\/cssspnql.com\/wp-content\/uploads\/2022\/10\/C0122-F.jpg\",\"contentUrl\":\"https:\/\/cssspnql.com\/wp-content\/uploads\/2022\/10\/C0122-F.jpg\",\"width\":800,\"height\":800},{\"@type\":\"BreadcrumbList\",\"@id\":\"https:\/\/cssspnql.com\/en\/produit\/les-quatres-savoirs-de-mali-pili-kizos-the-four-insights-from-mali-pili-kizos\/#breadcrumb\",\"itemListElement\":[{\"@type\":\"ListItem\",\"position\":1,\"name\":\"Home\",\"item\":\"https:\/\/cssspnql.com\/en\/\"},{\"@type\":\"ListItem\",\"position\":2,\"name\":\"Documentation centre\",\"item\":\"https:\/\/cssspnql.com\/en\/documentation-centre\/\"},{\"@type\":\"ListItem\",\"position\":3,\"name\":\"Other\",\"item\":\"https:\/\/cssspnql.com\/en\/categorie-produit\/other-en\/\"},{\"@type\":\"ListItem\",\"position\":4,\"name\":\"The Four Insights from Mali Pili Kizos\"}]},{\"@type\":\"WebSite\",\"@id\":\"https:\/\/cssspnql.com\/en\/#website\",\"url\":\"https:\/\/cssspnql.com\/en\/\",\"name\":\"CSSSPNQL\",\"description\":\"\",\"potentialAction\":[{\"@type\":\"SearchAction\",\"target\":{\"@type\":\"EntryPoint\",\"urlTemplate\":\"https:\/\/cssspnql.com\/en\/?s={search_term_string}\"},\"query-input\":{\"@type\":\"PropertyValueSpecification\",\"valueRequired\":true,\"valueName\":\"search_term_string\"}}],\"inLanguage\":\"en-US\"}]}<\/script>\n<!-- \/ Yoast SEO plugin. -->","yoast_head_json":{"title":"The Four Insights from Mali Pili Kizos - CSSSPNQL","robots":{"index":"index","follow":"follow","max-snippet":"max-snippet:-1","max-image-preview":"max-image-preview:large","max-video-preview":"max-video-preview:-1"},"canonical":"https:\/\/cssspnql.com\/en\/produit\/les-quatres-savoirs-de-mali-pili-kizos-the-four-insights-from-mali-pili-kizos\/","og_locale":"en_US","og_type":"article","og_title":"The Four Insights from Mali Pili Kizos - CSSSPNQL","og_description":"Num\u00e9ro d'article: C0122","og_url":"https:\/\/cssspnql.com\/en\/produit\/les-quatres-savoirs-de-mali-pili-kizos-the-four-insights-from-mali-pili-kizos\/","og_site_name":"CSSSPNQL","article_modified_time":"2022-12-15T14:58:58+00:00","twitter_card":"summary_large_image","twitter_misc":{"Est. reading time":"1 minute"},"schema":{"@context":"https:\/\/schema.org","@graph":[{"@type":"WebPage","@id":"https:\/\/cssspnql.com\/en\/produit\/les-quatres-savoirs-de-mali-pili-kizos-the-four-insights-from-mali-pili-kizos\/","url":"https:\/\/cssspnql.com\/en\/produit\/les-quatres-savoirs-de-mali-pili-kizos-the-four-insights-from-mali-pili-kizos\/","name":"The Four Insights from Mali Pili Kizos - CSSSPNQL","isPartOf":{"@id":"https:\/\/cssspnql.com\/en\/#website"},"primaryImageOfPage":{"@id":"https:\/\/cssspnql.com\/en\/produit\/les-quatres-savoirs-de-mali-pili-kizos-the-four-insights-from-mali-pili-kizos\/#primaryimage"},"image":{"@id":"https:\/\/cssspnql.com\/en\/produit\/les-quatres-savoirs-de-mali-pili-kizos-the-four-insights-from-mali-pili-kizos\/#primaryimage"},"thumbnailUrl":"https:\/\/cssspnql.com\/wp-content\/uploads\/2022\/10\/C0122-F.jpg","datePublished":"2022-10-21T19:23:25+00:00","dateModified":"2022-12-15T14:58:58+00:00","breadcrumb":{"@id":"https:\/\/cssspnql.com\/en\/produit\/les-quatres-savoirs-de-mali-pili-kizos-the-four-insights-from-mali-pili-kizos\/#breadcrumb"},"inLanguage":"en-US","potentialAction":[{"@type":"ReadAction","target":["https:\/\/cssspnql.com\/en\/produit\/les-quatres-savoirs-de-mali-pili-kizos-the-four-insights-from-mali-pili-kizos\/"]}]},{"@type":"ImageObject","inLanguage":"en-US","@id":"https:\/\/cssspnql.com\/en\/produit\/les-quatres-savoirs-de-mali-pili-kizos-the-four-insights-from-mali-pili-kizos\/#primaryimage","url":"https:\/\/cssspnql.com\/wp-content\/uploads\/2022\/10\/C0122-F.jpg","contentUrl":"https:\/\/cssspnql.com\/wp-content\/uploads\/2022\/10\/C0122-F.jpg","width":800,"height":800},{"@type":"BreadcrumbList","@id":"https:\/\/cssspnql.com\/en\/produit\/les-quatres-savoirs-de-mali-pili-kizos-the-four-insights-from-mali-pili-kizos\/#breadcrumb","itemListElement":[{"@type":"ListItem","position":1,"name":"Home","item":"https:\/\/cssspnql.com\/en\/"},{"@type":"ListItem","position":2,"name":"Documentation centre","item":"https:\/\/cssspnql.com\/en\/documentation-centre\/"},{"@type":"ListItem","position":3,"name":"Other","item":"https:\/\/cssspnql.com\/en\/categorie-produit\/other-en\/"},{"@type":"ListItem","position":4,"name":"The Four Insights from Mali Pili Kizos"}]},{"@type":"WebSite","@id":"https:\/\/cssspnql.com\/en\/#website","url":"https:\/\/cssspnql.com\/en\/","name":"CSSSPNQL","description":"","potentialAction":[{"@type":"SearchAction","target":{"@type":"EntryPoint","urlTemplate":"https:\/\/cssspnql.com\/en\/?s={search_term_string}"},"query-input":{"@type":"PropertyValueSpecification","valueRequired":true,"valueName":"search_term_string"}}],"inLanguage":"en-US"}]}},"_links":{"self":[{"href":"https:\/\/cssspnql.com\/en\/wp-json\/wp\/v2\/product\/11900","targetHints":{"allow":["GET"]}}],"collection":[{"href":"https:\/\/cssspnql.com\/en\/wp-json\/wp\/v2\/product"}],"about":[{"href":"https:\/\/cssspnql.com\/en\/wp-json\/wp\/v2\/types\/product"}],"wp:featuredmedia":[{"embeddable":true,"href":"https:\/\/cssspnql.com\/en\/wp-json\/wp\/v2\/media\/15036"}],"wp:attachment":[{"href":"https:\/\/cssspnql.com\/en\/wp-json\/wp\/v2\/media?parent=11900"}],"wp:term":[{"taxonomy":"product_brand","embeddable":true,"href":"https:\/\/cssspnql.com\/en\/wp-json\/wp\/v2\/product_brand?post=11900"},{"taxonomy":"product_cat","embeddable":true,"href":"https:\/\/cssspnql.com\/en\/wp-json\/wp\/v2\/product_cat?post=11900"},{"taxonomy":"product_tag","embeddable":true,"href":"https:\/\/cssspnql.com\/en\/wp-json\/wp\/v2\/product_tag?post=11900"}],"curies":[{"name":"wp","href":"https:\/\/api.w.org\/{rel}","templated":true}]}}