{"id":11936,"date":"2015-10-21T15:26:07","date_gmt":"2022-10-21T19:26:07","guid":{"rendered":"https:\/\/cssspnql.com\/produit\/rapport-de-lenquete-regionale-sur-la-sante-des-premieres-nations-du-quebec-ers-2015\/"},"modified":"2025-05-06T15:05:52","modified_gmt":"2025-05-06T19:05:52","slug":"report-of-the-quebec-first-nations-regional-health-survey-2015","status":"publish","type":"product","link":"https:\/\/cssspnql.com\/en\/produit\/report-of-the-quebec-first-nations-regional-health-survey-2015\/","title":{"rendered":"RHS Report &#8211; Report of the Quebec First Nations Regional Health Survey &#8211; 2015"},"content":{"rendered":"<p>Reconnue depuis plus de 25 ans comme l\u2019enqu\u00eate de r\u00e9f\u00e9rence des Premi\u00e8res Nations au Canada, l\u2019Enqu\u00eate r\u00e9gionale sur la sant\u00e9 chez les Premi\u00e8res Nations (ERS) a d\u00e9marr\u00e9e en 1997. Elle a comme objectif de fournir un portrait d\u00e9taill\u00e9 de la sant\u00e9 et du bien-\u00eatre g\u00e9n\u00e9ral des Premi\u00e8res Nations vivant dans les communaut\u00e9s. L\u2018enqu\u00eate pilote a \u00e9t\u00e9 r\u00e9alis\u00e9e en 1997. Depuis, 3 phases ont \u00e9t\u00e9 r\u00e9alis\u00e9es, soit en 2002, en 2008 et en 2015<\/p>\n","protected":false},"excerpt":{"rendered":"<p>C0649<\/p>\n","protected":false},"featured_media":13176,"template":"","meta":{"_acf_changed":false},"product_brand":[],"product_cat":[317,316],"product_tag":[],"class_list":{"0":"post-11936","1":"product","2":"type-product","3":"status-publish","4":"has-post-thumbnail","6":"product_cat-populations-surveys-and-data","7":"product_cat-research-and-information-resource","8":"pa_auteurs-first-nations-of-quebec-and-labrador-health-and-social-services-commission-fnqlhssc-en","9":"pa_numeros-darticle-c0649-en","10":"pa_sujet-catalogue-of-publications","11":"pa_type-de-document-digital","12":"pa_type-de-document-available-for-order","14":"first","15":"instock","16":"purchasable","17":"product-type-simple"},"acf":[],"yoast_head":"<!-- This site is optimized with the Yoast SEO plugin v27.1.1 - https:\/\/yoast.com\/product\/yoast-seo-wordpress\/ -->\n<title>RHS Report - Report of the Quebec First Nations Regional Health Survey - 2015 - CSSSPNQL<\/title>\n<meta name=\"robots\" content=\"index, follow, max-snippet:-1, max-image-preview:large, max-video-preview:-1\" \/>\n<link rel=\"canonical\" href=\"https:\/\/cssspnql.com\/en\/produit\/report-of-the-quebec-first-nations-regional-health-survey-2015\/\" \/>\n<meta property=\"og:locale\" content=\"en_US\" \/>\n<meta property=\"og:type\" content=\"article\" \/>\n<meta property=\"og:title\" content=\"RHS Report - Report of the Quebec First Nations Regional Health Survey - 2015 - CSSSPNQL\" \/>\n<meta property=\"og:description\" content=\"C0649\" \/>\n<meta property=\"og:url\" content=\"https:\/\/cssspnql.com\/en\/produit\/report-of-the-quebec-first-nations-regional-health-survey-2015\/\" \/>\n<meta property=\"og:site_name\" content=\"CSSSPNQL\" \/>\n<meta property=\"article:modified_time\" content=\"2025-05-06T19:05:52+00:00\" \/>\n<meta property=\"og:image\" content=\"https:\/\/cssspnql.com\/wp-content\/uploads\/2015\/10\/C0649-E.jpg\" \/>\n\t<meta property=\"og:image:width\" content=\"800\" \/>\n\t<meta property=\"og:image:height\" content=\"800\" \/>\n\t<meta property=\"og:image:type\" content=\"image\/jpeg\" \/>\n<meta name=\"twitter:card\" content=\"summary_large_image\" \/>\n<meta name=\"twitter:label1\" content=\"Est. reading time\" \/>\n\t<meta name=\"twitter:data1\" content=\"1 minute\" \/>\n<script type=\"application\/ld+json\" class=\"yoast-schema-graph\">{\"@context\":\"https:\/\/schema.org\",\"@graph\":[{\"@type\":\"WebPage\",\"@id\":\"https:\/\/cssspnql.com\/en\/produit\/report-of-the-quebec-first-nations-regional-health-survey-2015\/\",\"url\":\"https:\/\/cssspnql.com\/en\/produit\/report-of-the-quebec-first-nations-regional-health-survey-2015\/\",\"name\":\"RHS Report - Report of the Quebec First Nations Regional Health Survey - 2015 - CSSSPNQL\",\"isPartOf\":{\"@id\":\"https:\/\/cssspnql.com\/en\/#website\"},\"primaryImageOfPage\":{\"@id\":\"https:\/\/cssspnql.com\/en\/produit\/report-of-the-quebec-first-nations-regional-health-survey-2015\/#primaryimage\"},\"image\":{\"@id\":\"https:\/\/cssspnql.com\/en\/produit\/report-of-the-quebec-first-nations-regional-health-survey-2015\/#primaryimage\"},\"thumbnailUrl\":\"https:\/\/cssspnql.com\/wp-content\/uploads\/2015\/10\/C0649-E.jpg\",\"datePublished\":\"2022-10-21T19:26:07+00:00\",\"dateModified\":\"2025-05-06T19:05:52+00:00\",\"breadcrumb\":{\"@id\":\"https:\/\/cssspnql.com\/en\/produit\/report-of-the-quebec-first-nations-regional-health-survey-2015\/#breadcrumb\"},\"inLanguage\":\"en-US\",\"potentialAction\":[{\"@type\":\"ReadAction\",\"target\":[\"https:\/\/cssspnql.com\/en\/produit\/report-of-the-quebec-first-nations-regional-health-survey-2015\/\"]}]},{\"@type\":\"ImageObject\",\"inLanguage\":\"en-US\",\"@id\":\"https:\/\/cssspnql.com\/en\/produit\/report-of-the-quebec-first-nations-regional-health-survey-2015\/#primaryimage\",\"url\":\"https:\/\/cssspnql.com\/wp-content\/uploads\/2015\/10\/C0649-E.jpg\",\"contentUrl\":\"https:\/\/cssspnql.com\/wp-content\/uploads\/2015\/10\/C0649-E.jpg\",\"width\":800,\"height\":800},{\"@type\":\"BreadcrumbList\",\"@id\":\"https:\/\/cssspnql.com\/en\/produit\/report-of-the-quebec-first-nations-regional-health-survey-2015\/#breadcrumb\",\"itemListElement\":[{\"@type\":\"ListItem\",\"position\":1,\"name\":\"Home\",\"item\":\"https:\/\/cssspnql.com\/en\/\"},{\"@type\":\"ListItem\",\"position\":2,\"name\":\"Documentation centre\",\"item\":\"https:\/\/cssspnql.com\/en\/documentation-centre\/\"},{\"@type\":\"ListItem\",\"position\":3,\"name\":\"Research and information resource\",\"item\":\"https:\/\/cssspnql.com\/en\/categorie-produit\/research-and-information-resource\/\"},{\"@type\":\"ListItem\",\"position\":4,\"name\":\"RHS Report &#8211; Report of the Quebec First Nations Regional Health Survey &#8211; 2015\"}]},{\"@type\":\"WebSite\",\"@id\":\"https:\/\/cssspnql.com\/en\/#website\",\"url\":\"https:\/\/cssspnql.com\/en\/\",\"name\":\"CSSSPNQL\",\"description\":\"\",\"potentialAction\":[{\"@type\":\"SearchAction\",\"target\":{\"@type\":\"EntryPoint\",\"urlTemplate\":\"https:\/\/cssspnql.com\/en\/?s={search_term_string}\"},\"query-input\":{\"@type\":\"PropertyValueSpecification\",\"valueRequired\":true,\"valueName\":\"search_term_string\"}}],\"inLanguage\":\"en-US\"}]}<\/script>\n<!-- \/ Yoast SEO plugin. -->","yoast_head_json":{"title":"RHS Report - Report of the Quebec First Nations Regional Health Survey - 2015 - CSSSPNQL","robots":{"index":"index","follow":"follow","max-snippet":"max-snippet:-1","max-image-preview":"max-image-preview:large","max-video-preview":"max-video-preview:-1"},"canonical":"https:\/\/cssspnql.com\/en\/produit\/report-of-the-quebec-first-nations-regional-health-survey-2015\/","og_locale":"en_US","og_type":"article","og_title":"RHS Report - Report of the Quebec First Nations Regional Health Survey - 2015 - CSSSPNQL","og_description":"C0649","og_url":"https:\/\/cssspnql.com\/en\/produit\/report-of-the-quebec-first-nations-regional-health-survey-2015\/","og_site_name":"CSSSPNQL","article_modified_time":"2025-05-06T19:05:52+00:00","og_image":[{"width":800,"height":800,"url":"https:\/\/cssspnql.com\/wp-content\/uploads\/2015\/10\/C0649-E.jpg","type":"image\/jpeg"}],"twitter_card":"summary_large_image","twitter_misc":{"Est. reading time":"1 minute"},"schema":{"@context":"https:\/\/schema.org","@graph":[{"@type":"WebPage","@id":"https:\/\/cssspnql.com\/en\/produit\/report-of-the-quebec-first-nations-regional-health-survey-2015\/","url":"https:\/\/cssspnql.com\/en\/produit\/report-of-the-quebec-first-nations-regional-health-survey-2015\/","name":"RHS Report - Report of the Quebec First Nations Regional Health Survey - 2015 - CSSSPNQL","isPartOf":{"@id":"https:\/\/cssspnql.com\/en\/#website"},"primaryImageOfPage":{"@id":"https:\/\/cssspnql.com\/en\/produit\/report-of-the-quebec-first-nations-regional-health-survey-2015\/#primaryimage"},"image":{"@id":"https:\/\/cssspnql.com\/en\/produit\/report-of-the-quebec-first-nations-regional-health-survey-2015\/#primaryimage"},"thumbnailUrl":"https:\/\/cssspnql.com\/wp-content\/uploads\/2015\/10\/C0649-E.jpg","datePublished":"2022-10-21T19:26:07+00:00","dateModified":"2025-05-06T19:05:52+00:00","breadcrumb":{"@id":"https:\/\/cssspnql.com\/en\/produit\/report-of-the-quebec-first-nations-regional-health-survey-2015\/#breadcrumb"},"inLanguage":"en-US","potentialAction":[{"@type":"ReadAction","target":["https:\/\/cssspnql.com\/en\/produit\/report-of-the-quebec-first-nations-regional-health-survey-2015\/"]}]},{"@type":"ImageObject","inLanguage":"en-US","@id":"https:\/\/cssspnql.com\/en\/produit\/report-of-the-quebec-first-nations-regional-health-survey-2015\/#primaryimage","url":"https:\/\/cssspnql.com\/wp-content\/uploads\/2015\/10\/C0649-E.jpg","contentUrl":"https:\/\/cssspnql.com\/wp-content\/uploads\/2015\/10\/C0649-E.jpg","width":800,"height":800},{"@type":"BreadcrumbList","@id":"https:\/\/cssspnql.com\/en\/produit\/report-of-the-quebec-first-nations-regional-health-survey-2015\/#breadcrumb","itemListElement":[{"@type":"ListItem","position":1,"name":"Home","item":"https:\/\/cssspnql.com\/en\/"},{"@type":"ListItem","position":2,"name":"Documentation centre","item":"https:\/\/cssspnql.com\/en\/documentation-centre\/"},{"@type":"ListItem","position":3,"name":"Research and information resource","item":"https:\/\/cssspnql.com\/en\/categorie-produit\/research-and-information-resource\/"},{"@type":"ListItem","position":4,"name":"RHS Report &#8211; Report of the Quebec First Nations Regional Health Survey &#8211; 2015"}]},{"@type":"WebSite","@id":"https:\/\/cssspnql.com\/en\/#website","url":"https:\/\/cssspnql.com\/en\/","name":"CSSSPNQL","description":"","potentialAction":[{"@type":"SearchAction","target":{"@type":"EntryPoint","urlTemplate":"https:\/\/cssspnql.com\/en\/?s={search_term_string}"},"query-input":{"@type":"PropertyValueSpecification","valueRequired":true,"valueName":"search_term_string"}}],"inLanguage":"en-US"}]}},"_links":{"self":[{"href":"https:\/\/cssspnql.com\/en\/wp-json\/wp\/v2\/product\/11936","targetHints":{"allow":["GET"]}}],"collection":[{"href":"https:\/\/cssspnql.com\/en\/wp-json\/wp\/v2\/product"}],"about":[{"href":"https:\/\/cssspnql.com\/en\/wp-json\/wp\/v2\/types\/product"}],"wp:featuredmedia":[{"embeddable":true,"href":"https:\/\/cssspnql.com\/en\/wp-json\/wp\/v2\/media\/13176"}],"wp:attachment":[{"href":"https:\/\/cssspnql.com\/en\/wp-json\/wp\/v2\/media?parent=11936"}],"wp:term":[{"taxonomy":"product_brand","embeddable":true,"href":"https:\/\/cssspnql.com\/en\/wp-json\/wp\/v2\/product_brand?post=11936"},{"taxonomy":"product_cat","embeddable":true,"href":"https:\/\/cssspnql.com\/en\/wp-json\/wp\/v2\/product_cat?post=11936"},{"taxonomy":"product_tag","embeddable":true,"href":"https:\/\/cssspnql.com\/en\/wp-json\/wp\/v2\/product_tag?post=11936"}],"curies":[{"name":"wp","href":"https:\/\/api.w.org\/{rel}","templated":true}]}}