{"id":16848,"date":"2022-10-21T15:23:05","date_gmt":"2022-10-21T19:23:05","guid":{"rendered":"https:\/\/cssspnql.com\/produit\/la-bible-du-coaching-aujourdhui\/"},"modified":"2022-10-21T15:23:05","modified_gmt":"2022-10-21T19:23:05","slug":"la-bible-du-coaching-aujourdhui","status":"publish","type":"product","link":"https:\/\/cssspnql.com\/en\/produit\/la-bible-du-coaching-aujourdhui\/","title":{"rendered":"La bible du coaching aujourd&#8217;hui"},"content":{"rendered":"<p>Si vous voulez tout conna\u00eetre des pratiques les plus r\u00e9centes en mati\u00e8re de coaching, voici le livre qu&#8217;il vous faut.- les fondamentaus du coaching- une bo\u00eete \u00e0 outils pragmatique et efficace- les astuces des plus grands coachs- des mod\u00e8les de coaching innovants- les plus r\u00e9centes tendances du coachingL&#8217;ouvrage couvre toutes les dimensions du coaching :- coaching personnel- coaching d&#8217;entreprise- coaching d&#8217;encadrement- coaching d&#8217;\u00e9quipe- coaching commercial- etc.Que vous soyez coach\u00e9, coach professionnel ou en passe de le devenir, consultant, formateur ou manager, la qualit\u00e9 et la densit\u00e9 de cet ouvrage vous fera progresser \u00e0 pas de g\u00e9ant.<\/p>\n","protected":false},"excerpt":{"rendered":"<p>C0067<\/p>\n","protected":false},"featured_media":13872,"template":"","meta":{"_acf_changed":false},"product_brand":[],"product_cat":[2699],"product_tag":[],"class_list":{"0":"post-16848","1":"product","2":"type-product","3":"status-publish","4":"has-post-thumbnail","6":"product_cat-other-en","7":"pa_auteurs-lefrancois-david-en","8":"pa_numeros-darticle-c0067-en","9":"pa_type-de-document-printed","11":"first","12":"instock","13":"product-type-simple"},"acf":[],"yoast_head":"<!-- This site is optimized with the Yoast SEO plugin v27.1.1 - https:\/\/yoast.com\/product\/yoast-seo-wordpress\/ -->\n<title>La bible du coaching aujourd&#039;hui - CSSSPNQL<\/title>\n<meta name=\"robots\" content=\"index, follow, max-snippet:-1, max-image-preview:large, max-video-preview:-1\" \/>\n<link rel=\"canonical\" href=\"https:\/\/cssspnql.com\/en\/produit\/la-bible-du-coaching-aujourdhui\/\" \/>\n<meta property=\"og:locale\" content=\"en_US\" \/>\n<meta property=\"og:type\" content=\"article\" \/>\n<meta property=\"og:title\" content=\"La bible du coaching aujourd&#039;hui - CSSSPNQL\" \/>\n<meta property=\"og:description\" content=\"C0067\" \/>\n<meta property=\"og:url\" content=\"https:\/\/cssspnql.com\/en\/produit\/la-bible-du-coaching-aujourdhui\/\" \/>\n<meta property=\"og:site_name\" content=\"CSSSPNQL\" \/>\n<meta name=\"twitter:card\" content=\"summary_large_image\" \/>\n<meta name=\"twitter:label1\" content=\"Est. reading time\" \/>\n\t<meta name=\"twitter:data1\" content=\"1 minute\" \/>\n<script type=\"application\/ld+json\" class=\"yoast-schema-graph\">{\"@context\":\"https:\/\/schema.org\",\"@graph\":[{\"@type\":\"WebPage\",\"@id\":\"https:\/\/cssspnql.com\/en\/produit\/la-bible-du-coaching-aujourdhui\/\",\"url\":\"https:\/\/cssspnql.com\/en\/produit\/la-bible-du-coaching-aujourdhui\/\",\"name\":\"La bible du coaching aujourd'hui - CSSSPNQL\",\"isPartOf\":{\"@id\":\"https:\/\/cssspnql.com\/en\/#website\"},\"primaryImageOfPage\":{\"@id\":\"https:\/\/cssspnql.com\/en\/produit\/la-bible-du-coaching-aujourdhui\/#primaryimage\"},\"image\":{\"@id\":\"https:\/\/cssspnql.com\/en\/produit\/la-bible-du-coaching-aujourdhui\/#primaryimage\"},\"thumbnailUrl\":\"https:\/\/cssspnql.com\/wp-content\/uploads\/2022\/10\/C006-F.jpg\",\"datePublished\":\"2022-10-21T19:23:05+00:00\",\"breadcrumb\":{\"@id\":\"https:\/\/cssspnql.com\/en\/produit\/la-bible-du-coaching-aujourdhui\/#breadcrumb\"},\"inLanguage\":\"en-US\",\"potentialAction\":[{\"@type\":\"ReadAction\",\"target\":[\"https:\/\/cssspnql.com\/en\/produit\/la-bible-du-coaching-aujourdhui\/\"]}]},{\"@type\":\"ImageObject\",\"inLanguage\":\"en-US\",\"@id\":\"https:\/\/cssspnql.com\/en\/produit\/la-bible-du-coaching-aujourdhui\/#primaryimage\",\"url\":\"https:\/\/cssspnql.com\/wp-content\/uploads\/2022\/10\/C006-F.jpg\",\"contentUrl\":\"https:\/\/cssspnql.com\/wp-content\/uploads\/2022\/10\/C006-F.jpg\",\"width\":800,\"height\":800},{\"@type\":\"BreadcrumbList\",\"@id\":\"https:\/\/cssspnql.com\/en\/produit\/la-bible-du-coaching-aujourdhui\/#breadcrumb\",\"itemListElement\":[{\"@type\":\"ListItem\",\"position\":1,\"name\":\"Home\",\"item\":\"https:\/\/cssspnql.com\/en\/\"},{\"@type\":\"ListItem\",\"position\":2,\"name\":\"Documentation centre\",\"item\":\"https:\/\/cssspnql.com\/en\/documentation-centre\/\"},{\"@type\":\"ListItem\",\"position\":3,\"name\":\"La bible du coaching aujourd&rsquo;hui\"}]},{\"@type\":\"WebSite\",\"@id\":\"https:\/\/cssspnql.com\/en\/#website\",\"url\":\"https:\/\/cssspnql.com\/en\/\",\"name\":\"CSSSPNQL\",\"description\":\"\",\"potentialAction\":[{\"@type\":\"SearchAction\",\"target\":{\"@type\":\"EntryPoint\",\"urlTemplate\":\"https:\/\/cssspnql.com\/en\/?s={search_term_string}\"},\"query-input\":{\"@type\":\"PropertyValueSpecification\",\"valueRequired\":true,\"valueName\":\"search_term_string\"}}],\"inLanguage\":\"en-US\"}]}<\/script>\n<!-- \/ Yoast SEO plugin. -->","yoast_head_json":{"title":"La bible du coaching aujourd'hui - CSSSPNQL","robots":{"index":"index","follow":"follow","max-snippet":"max-snippet:-1","max-image-preview":"max-image-preview:large","max-video-preview":"max-video-preview:-1"},"canonical":"https:\/\/cssspnql.com\/en\/produit\/la-bible-du-coaching-aujourdhui\/","og_locale":"en_US","og_type":"article","og_title":"La bible du coaching aujourd'hui - CSSSPNQL","og_description":"C0067","og_url":"https:\/\/cssspnql.com\/en\/produit\/la-bible-du-coaching-aujourdhui\/","og_site_name":"CSSSPNQL","twitter_card":"summary_large_image","twitter_misc":{"Est. reading time":"1 minute"},"schema":{"@context":"https:\/\/schema.org","@graph":[{"@type":"WebPage","@id":"https:\/\/cssspnql.com\/en\/produit\/la-bible-du-coaching-aujourdhui\/","url":"https:\/\/cssspnql.com\/en\/produit\/la-bible-du-coaching-aujourdhui\/","name":"La bible du coaching aujourd'hui - CSSSPNQL","isPartOf":{"@id":"https:\/\/cssspnql.com\/en\/#website"},"primaryImageOfPage":{"@id":"https:\/\/cssspnql.com\/en\/produit\/la-bible-du-coaching-aujourdhui\/#primaryimage"},"image":{"@id":"https:\/\/cssspnql.com\/en\/produit\/la-bible-du-coaching-aujourdhui\/#primaryimage"},"thumbnailUrl":"https:\/\/cssspnql.com\/wp-content\/uploads\/2022\/10\/C006-F.jpg","datePublished":"2022-10-21T19:23:05+00:00","breadcrumb":{"@id":"https:\/\/cssspnql.com\/en\/produit\/la-bible-du-coaching-aujourdhui\/#breadcrumb"},"inLanguage":"en-US","potentialAction":[{"@type":"ReadAction","target":["https:\/\/cssspnql.com\/en\/produit\/la-bible-du-coaching-aujourdhui\/"]}]},{"@type":"ImageObject","inLanguage":"en-US","@id":"https:\/\/cssspnql.com\/en\/produit\/la-bible-du-coaching-aujourdhui\/#primaryimage","url":"https:\/\/cssspnql.com\/wp-content\/uploads\/2022\/10\/C006-F.jpg","contentUrl":"https:\/\/cssspnql.com\/wp-content\/uploads\/2022\/10\/C006-F.jpg","width":800,"height":800},{"@type":"BreadcrumbList","@id":"https:\/\/cssspnql.com\/en\/produit\/la-bible-du-coaching-aujourdhui\/#breadcrumb","itemListElement":[{"@type":"ListItem","position":1,"name":"Home","item":"https:\/\/cssspnql.com\/en\/"},{"@type":"ListItem","position":2,"name":"Documentation centre","item":"https:\/\/cssspnql.com\/en\/documentation-centre\/"},{"@type":"ListItem","position":3,"name":"La bible du coaching aujourd&rsquo;hui"}]},{"@type":"WebSite","@id":"https:\/\/cssspnql.com\/en\/#website","url":"https:\/\/cssspnql.com\/en\/","name":"CSSSPNQL","description":"","potentialAction":[{"@type":"SearchAction","target":{"@type":"EntryPoint","urlTemplate":"https:\/\/cssspnql.com\/en\/?s={search_term_string}"},"query-input":{"@type":"PropertyValueSpecification","valueRequired":true,"valueName":"search_term_string"}}],"inLanguage":"en-US"}]}},"_links":{"self":[{"href":"https:\/\/cssspnql.com\/en\/wp-json\/wp\/v2\/product\/16848","targetHints":{"allow":["GET"]}}],"collection":[{"href":"https:\/\/cssspnql.com\/en\/wp-json\/wp\/v2\/product"}],"about":[{"href":"https:\/\/cssspnql.com\/en\/wp-json\/wp\/v2\/types\/product"}],"wp:featuredmedia":[{"embeddable":true,"href":"https:\/\/cssspnql.com\/en\/wp-json\/wp\/v2\/media\/13872"}],"wp:attachment":[{"href":"https:\/\/cssspnql.com\/en\/wp-json\/wp\/v2\/media?parent=16848"}],"wp:term":[{"taxonomy":"product_brand","embeddable":true,"href":"https:\/\/cssspnql.com\/en\/wp-json\/wp\/v2\/product_brand?post=16848"},{"taxonomy":"product_cat","embeddable":true,"href":"https:\/\/cssspnql.com\/en\/wp-json\/wp\/v2\/product_cat?post=16848"},{"taxonomy":"product_tag","embeddable":true,"href":"https:\/\/cssspnql.com\/en\/wp-json\/wp\/v2\/product_tag?post=16848"}],"curies":[{"name":"wp","href":"https:\/\/api.w.org\/{rel}","templated":true}]}}